{"id":121,"date":"2013-06-06T07:44:45","date_gmt":"2013-06-06T05:44:45","guid":{"rendered":"http:\/\/www.legalus.net\/kan\/?page_id=121"},"modified":"2013-06-06T07:44:45","modified_gmt":"2013-06-06T05:44:45","slug":"lt-kanapiu-paruosimas-virtuvei","status":"publish","type":"page","link":"https:\/\/www.legalus.net\/kan\/lt-kanapiu-paruosimas-virtuvei","title":{"rendered":"LT kanapi\u0173 paruo\u0161imas virtuvei"},"content":{"rendered":"<p>Kanap\u0117s kaip pikt\u017eol\u0117s Lietuvoje auga visur, reikia tik akylai paie\u0161koti. Mat\u0119s a\u0161 j\u0173 Vilniaus ir Kauno centruose. Jei jums pasisek\u0117 ir atradote sklypel\u012f, kur\u012f tik j\u016bs vienas \u017einote ir niekas kitas nesigvie\u0161ia \u012f \u0161ias g\u0117rybes, bei \u017eadate nors kiek rim\u010diau u\u017esiimti \u0161iuo reikalu, der\u0117t\u0173 i\u0161rav\u0117ti vyri\u0161kas kanapes. Tuomet lietuvi\u0161kos sinsemilos skaistybei niekas negr\u0117s. Lietuvoje laukin\u0117s kanap\u0117s raunamos nuo rugpj\u016b\u010dio iki pat v\u0117laus rudenio, netgi po \u0161aln\u0173. M\u016bsuose \u0161is augalas baigia \u017eyd\u0117ti ir pradeda brandinti s\u0117klas b\u016btent rugpj\u016bt\u012f. Rekomenduojama Lietuvoje rinkti tik moteri\u0161kas kanapes, nes vyri\u0161kose kanabinol\u0173 beveik n\u0117ra.<\/p>\n<p>Imant derli\u0173, der\u0117t\u0173 apa\u010dioje gra\u017eiai nukirsti vis\u0105 kr\u016bm\u0105.<\/p>\n<p>Yra keli d\u017eiovinimo b\u016bdai. Pirmasis pats papras\u010diausias &#8211; nukirstus kr\u016bmus suri\u0161ti pundeliais ir auk\u0161tyn kotais pakabinti d\u017ei\u016bti tamsioje, sausoje vietoje. Tam labiausiai tinka pal\u0117p\u0117s ir vadinami &#8220;auk\u0161tai&#8221;. Kanap\u0117ms visi\u0161kai i\u0161d\u017ei\u016bvus, nurinkite galvas, t.y. \u017eiedus, taip pat ir lapelius aplink juos. Lapuose ir kotuose kanabinol\u0173 koncentracija per ma\u017ea, kad juos b\u016bt\u0173 galima panaudoti.<\/p>\n<p>Antrasis b\u016bdas &#8211; nuo nukirst\u0173 kanapi\u0173 atskirti \u0161akas su galvomis. Nurinkti didesnius lapus (netgi lapelius \u017eieduose reik\u0117t\u0173 apkarpyti) ir pad\u017eiauti tik \u0161akas su galvomis. Taip d\u017eiovinimui reik\u0117s ma\u017eiau vietos ir i\u0161vengsite saus\u0173, visur byran\u010di\u0173 lap\u0173 &#8211; nuo \u017eali\u0173 kanapi\u0173 daug lengviau nurinksite ma\u017eai kanabinol\u0173 turin\u010di\u0105 \u017eali\u0105j\u0105 mas\u0119.<\/p>\n<p>Dabar reikia i\u0161rinkti subrendusias s\u0117klas ir kietus kotelius. Subrendusios s\u0117klos netinka tod\u0117l, kad jose yra nelabai kokio skonio aliejaus ir visi\u0161kai neb\u0117ra THC. Tam labiausiai tinka metaliniai sieteliai ma\u017eomis akimis. Papras\u010diausiai per juos pertrynus, stuff&#8217;as tampa puikiai susmulkintas ir u\u017eima ma\u017eiau vietos.<\/p>\n<p>Kanapes patartina laikyti sandariai u\u017edarytame tamsiame inde, v\u0117sioje, taip pat tamsioje vietoje, kaip ir prieskonius. \u0160itaip apdorota &#8220;Cannabis Litauen&#8221; yra visi\u0161kai paruo\u0161ta valgio gamybai ar THC ekstrakcijai. O s\u0117kl\u0173 irgi nei\u0161meskite &#8211; jas galite panaudoti kanapini\u0173 ko\u0161i\u0173 gamyboje ar pavasarin\u0117je s\u0117joje. <\/p>\n","protected":false},"excerpt":{"rendered":"<p>Kanap\u0117s kaip pikt\u017eol\u0117s Lietuvoje auga visur, reikia tik akylai paie\u0161koti. Mat\u0119s a\u0161 j\u0173 Vilniaus ir Kauno centruose. Jei jums pasisek\u0117 ir atradote sklypel\u012f, kur\u012f tik j\u016bs vienas \u017einote ir niekas kitas nesigvie\u0161ia \u012f \u0161ias g\u0117rybes, bei \u017eadate nors kiek rim\u010diau u\u017esiimti \u0161iuo reikalu, der\u0117t\u0173 i\u0161rav\u0117ti vyri\u0161kas kanapes. Tuomet lietuvi\u0161kos sinsemilos skaistybei niekas negr\u0117s. Lietuvoje laukin\u0117s [&hellip;]<\/p>\n","protected":false},"author":2,"featured_media":0,"parent":0,"menu_order":0,"comment_status":"closed","ping_status":"closed","template":"","meta":{"footnotes":""},"class_list":["post-121","page","type-page","status-publish","hentry"],"_links":{"self":[{"href":"https:\/\/www.legalus.net\/kan\/wp-json\/wp\/v2\/pages\/121","targetHints":{"allow":["GET"]}}],"collection":[{"href":"https:\/\/www.legalus.net\/kan\/wp-json\/wp\/v2\/pages"}],"about":[{"href":"https:\/\/www.legalus.net\/kan\/wp-json\/wp\/v2\/types\/page"}],"author":[{"embeddable":true,"href":"https:\/\/www.legalus.net\/kan\/wp-json\/wp\/v2\/users\/2"}],"replies":[{"embeddable":true,"href":"https:\/\/www.legalus.net\/kan\/wp-json\/wp\/v2\/comments?post=121"}],"version-history":[{"count":1,"href":"https:\/\/www.legalus.net\/kan\/wp-json\/wp\/v2\/pages\/121\/revisions"}],"predecessor-version":[{"id":122,"href":"https:\/\/www.legalus.net\/kan\/wp-json\/wp\/v2\/pages\/121\/revisions\/122"}],"wp:attachment":[{"href":"https:\/\/www.legalus.net\/kan\/wp-json\/wp\/v2\/media?parent=121"}],"curies":[{"name":"wp","href":"https:\/\/api.w.org\/{rel}","templated":true}]}}