{"id":123,"date":"2013-06-06T07:45:17","date_gmt":"2013-06-06T05:45:17","guid":{"rendered":"http:\/\/www.legalus.net\/kan\/?page_id=123"},"modified":"2015-11-09T01:23:04","modified_gmt":"2015-11-08T23:23:04","slug":"kanapiu-pienas","status":"publish","type":"page","link":"https:\/\/www.legalus.net\/kan\/kanapiu-pienas","title":{"rendered":"Kanapi\u0173 pienas"},"content":{"rendered":"<p>Lietuvoje augan\u010dios u\u017ekampiuose kanap\u0117s s\u0117kmingiausiai panaudojamos, gaminant pien\u0105, kuris tikrai efektyviai veikia. Gamybos procesas labai paprastas, bet reikia gerai \u012fgust, norint i\u0161virti tikrai puik\u0173 pien\u0105.<\/p>\n<p><strong>Pirmas variantas:<\/strong><\/p>\n<p>O daroma taip. Imamas kuo riebesnis pienas ir nema\u017eai kanapi\u0173, paruo\u0161t\u0173, kaip jau buvo apra\u0161yta. Pienas u\u017ekai\u010diamas ir \u012f j\u012f suberiamos ganja lituania. Kanapi\u0173 reikia berti nei per daug, nei per ma\u017eai, bet vis d\u0117lto nema\u017eai. Jei bus per daug &#8211; gausis ko\u0161\u0117 ir degs &#8211; sudegs, gausis visi\u0161kas \u0161\u016bdas. Bus per ma\u017eai &#8211; tai nebus jokio tikslo lakti \u017eali\u0105 pien\u0105 ir tik\u0117tis kokio nors efekto. Dabar apie pat\u012f virim\u0105. Reikia vis\u0105 laik\u0105 mai\u0161yti. Ka\u017ekiek laiko pavirus, t.y. gerai pavirus, reik \u012fmesti kelis \u0161auk\u0161tus medaus, kuris veikia ir kaip skonio gerintojas, ir kaip (\u010dia svarbu) katalizatorius. Vietoj medaus kai kas naudoja kondensuot\u0105 pien\u0105 su cukrumi. \u017dinoma gerai yra ilgai virti, bet neperlenkit lazdos, kad nesigautu kaip man pora kartu nuskilo. Tai yra, per ilgai verdant pienas suverda ir tampa var\u0161ke. Visi\u0161kas pravalas. Nors manau tiems, kas virs pirm\u0105 kart\u0105, pasitaikys toks d\u017eiaugsmas. \u012ed\u0117jus to katalizatoriaus, dar pavirti por\u0105 minu\u010di\u0173 ir pienelis i\u0161virtas. J\u012f nuko\u0161ti. \u017dali\u0105 ko\u0161\u0119, t.y. kas liko i\u0161 cannabis litauen, i\u0161mesti lauk. Viral\u0105 ki\u0161ti i \u0161aldytuv\u0105 ir gerai at\u0161aldyt. Proporcij\u0173 ne\u017einau. Nes kiekvien\u0105 kart\u0105 vis skirtingai gaudavosi.<\/p>\n<p>Skonis kaip virinto pieno, kuriame virtos kanap\u0117s. Dozavimas. Va \u010dia ir yra pats sunkiausias etapas. Per ma\u017eai i\u0161gersi &#8211; nieko nebus, per daug &#8211; apsivemsi ir nul\u016b\u0161i.<\/p>\n<p>Vartoti at\u0161aldyt\u0105.<\/p>\n<p><strong>Antras variantas:<\/strong><\/p>\n<p>De\u0161im\u010diai porcij\u0173 reik\u0117s:<\/p>\n<p>DAUG lietuvi\u0161k\u0173 kanapi\u0173 lapeli\u0173 ir galv\u0173 (stipresnis poveikis b\u016bna, jei kanap\u0117s skinamos po \u0161aln\u0173);<br \/>\n4l riebiausio pieno (geriausiai kaimi\u0161kas arba &#8220;M\u017d nat\u016bralus&#8221;);<br \/>\n0,5l grietin\u0117l\u0117s (irgi pa\u010dios riebiausios);<br \/>\ncukraus arba medaus &#8211; pagal skon\u012f (a\u0161 su medum dar neviriau, bet sak\u0117, kad irgi gerai).<\/p>\n<p>Receptas:<\/p>\n<p>Supilkite \u012f puod\u0105 pien\u0105 ir grietin\u0117l\u0119. Pus\u0119 litro pieno patartina pasilikti pabaigai (pripilin\u0117jimui), jei kartais pritr\u016bkt\u0173. Kai u\u017everda, prid\u0117kite kanapi\u0173 tiek, kad pienas jas vos apsemt\u0173, suma\u017einkite ugn\u012f ir virkite ~2-4 val., vis prid\u0117dami kanapi\u0173 (nes jos suverda), kol pieno beveik nesimato. Tada i\u0161junkite, pad\u0117kite kur nors at\u0161alti. Kai at\u0161\u0105la, nusunkite, kad kuo daugiau pieno i\u0161sispaust\u0173 :). \u012ed\u0117kite cukraus arba medaus pagal skon\u012f ir&#8230; gerkite.<\/p>\n<p>Jei i\u0161verda geras pienelis, tai \u017emogui u\u017etenka 0,25l, kartais b\u016bna ir per daug%]~. I\u0161 4l pieno i\u0161verda ~2l pienelio. Viskas. GET HIGH!<\/p>\n<p>p.s. Kanap\u0117s neb\u016btinai turi b\u016bti i\u0161d\u017ei\u016bvusios.<\/p>\n","protected":false},"excerpt":{"rendered":"<p>Lietuvoje augan\u010dios u\u017ekampiuose kanap\u0117s s\u0117kmingiausiai panaudojamos, gaminant pien\u0105, kuris tikrai efektyviai veikia. Gamybos procesas labai paprastas, bet reikia gerai \u012fgust, norint i\u0161virti tikrai puik\u0173 pien\u0105. Pirmas variantas: O daroma taip. Imamas kuo riebesnis pienas ir nema\u017eai kanapi\u0173, paruo\u0161t\u0173, kaip jau buvo apra\u0161yta. Pienas u\u017ekai\u010diamas ir \u012f j\u012f suberiamos ganja lituania. Kanapi\u0173 reikia berti nei per [&hellip;]<\/p>\n","protected":false},"author":2,"featured_media":0,"parent":0,"menu_order":0,"comment_status":"closed","ping_status":"closed","template":"","meta":{"footnotes":""},"class_list":["post-123","page","type-page","status-publish","hentry"],"_links":{"self":[{"href":"https:\/\/www.legalus.net\/kan\/wp-json\/wp\/v2\/pages\/123","targetHints":{"allow":["GET"]}}],"collection":[{"href":"https:\/\/www.legalus.net\/kan\/wp-json\/wp\/v2\/pages"}],"about":[{"href":"https:\/\/www.legalus.net\/kan\/wp-json\/wp\/v2\/types\/page"}],"author":[{"embeddable":true,"href":"https:\/\/www.legalus.net\/kan\/wp-json\/wp\/v2\/users\/2"}],"replies":[{"embeddable":true,"href":"https:\/\/www.legalus.net\/kan\/wp-json\/wp\/v2\/comments?post=123"}],"version-history":[{"count":3,"href":"https:\/\/www.legalus.net\/kan\/wp-json\/wp\/v2\/pages\/123\/revisions"}],"predecessor-version":[{"id":278,"href":"https:\/\/www.legalus.net\/kan\/wp-json\/wp\/v2\/pages\/123\/revisions\/278"}],"wp:attachment":[{"href":"https:\/\/www.legalus.net\/kan\/wp-json\/wp\/v2\/media?parent=123"}],"curies":[{"name":"wp","href":"https:\/\/api.w.org\/{rel}","templated":true}]}}