{"id":125,"date":"2013-06-06T07:47:21","date_gmt":"2013-06-06T05:47:21","guid":{"rendered":"http:\/\/www.legalus.net\/kan\/?page_id=125"},"modified":"2013-06-06T07:47:21","modified_gmt":"2013-06-06T05:47:21","slug":"lt-kanapiu-chalva","status":"publish","type":"page","link":"https:\/\/www.legalus.net\/kan\/lt-kanapiu-chalva","title":{"rendered":"LT kanapi\u0173 chalva"},"content":{"rendered":"<p>Receptukas:<\/p>\n<p>Paimam mai\u0161\u0105 lt kanapi\u0173, sud\u017eiovint\u0173. Ir jas sumalam su kavos malimo ma\u0161in\u0117le. Tada lengviau kramtosi. Paimam 2-3 pakelius sviesto ir tirpinam j\u012f didel\u0117je keptuv\u0117je ant ma\u017eos ugnies. Beriam kanapes. Turi gautis tir\u0161ta mas\u0117. Pakep\u0119 10 min. dedam medaus. Pakepam dar pora minu\u010di\u0173. \u012e\u0161jungiam ugn\u012f ir dedam \u012f t\u0105 mas\u0119 daug rie\u0161ut\u0173, razin\u0173, d\u017eiovint\u0173 vaisi\u0173, \u017eod\u017eiu, skonio gerintoj\u0173. Po to t\u0105 mas\u0119 galima pilti \u012f formeles ar \u0161iaip kok\u012f ind\u0105, palaukti kol at\u0161als, pasidaryti arbatos\u2026. \u2026.ir\u2026 \u2026pirmyn \ud83d\ude09 <\/p>\n","protected":false},"excerpt":{"rendered":"<p>Receptukas: Paimam mai\u0161\u0105 lt kanapi\u0173, sud\u017eiovint\u0173. Ir jas sumalam su kavos malimo ma\u0161in\u0117le. Tada lengviau kramtosi. Paimam 2-3 pakelius sviesto ir tirpinam j\u012f didel\u0117je keptuv\u0117je ant ma\u017eos ugnies. Beriam kanapes. Turi gautis tir\u0161ta mas\u0117. Pakep\u0119 10 min. dedam medaus. Pakepam dar pora minu\u010di\u0173. \u012e\u0161jungiam ugn\u012f ir dedam \u012f t\u0105 mas\u0119 daug rie\u0161ut\u0173, razin\u0173, d\u017eiovint\u0173 vaisi\u0173, [&hellip;]<\/p>\n","protected":false},"author":2,"featured_media":0,"parent":0,"menu_order":0,"comment_status":"closed","ping_status":"closed","template":"","meta":{"footnotes":""},"class_list":["post-125","page","type-page","status-publish","hentry"],"_links":{"self":[{"href":"https:\/\/www.legalus.net\/kan\/wp-json\/wp\/v2\/pages\/125","targetHints":{"allow":["GET"]}}],"collection":[{"href":"https:\/\/www.legalus.net\/kan\/wp-json\/wp\/v2\/pages"}],"about":[{"href":"https:\/\/www.legalus.net\/kan\/wp-json\/wp\/v2\/types\/page"}],"author":[{"embeddable":true,"href":"https:\/\/www.legalus.net\/kan\/wp-json\/wp\/v2\/users\/2"}],"replies":[{"embeddable":true,"href":"https:\/\/www.legalus.net\/kan\/wp-json\/wp\/v2\/comments?post=125"}],"version-history":[{"count":1,"href":"https:\/\/www.legalus.net\/kan\/wp-json\/wp\/v2\/pages\/125\/revisions"}],"predecessor-version":[{"id":126,"href":"https:\/\/www.legalus.net\/kan\/wp-json\/wp\/v2\/pages\/125\/revisions\/126"}],"wp:attachment":[{"href":"https:\/\/www.legalus.net\/kan\/wp-json\/wp\/v2\/media?parent=125"}],"curies":[{"name":"wp","href":"https:\/\/api.w.org\/{rel}","templated":true}]}}