{"id":172,"date":"2013-06-06T19:59:02","date_gmt":"2013-06-06T17:59:02","guid":{"rendered":"http:\/\/www.legalus.net\/kan\/?page_id=172"},"modified":"2013-06-06T19:59:02","modified_gmt":"2013-06-06T17:59:02","slug":"senas-zemaitiskas-receptas","status":"publish","type":"page","link":"https:\/\/www.legalus.net\/kan\/senas-zemaitiskas-receptas","title":{"rendered":"Senas \u017eemaiti\u0161kas receptas"},"content":{"rendered":"<p>Reik\u0117s:<\/p>\n<p>1l kanapi\u0173;<br \/>\n1,5l virinto vandens;<br \/>\ndruskos;<br \/>\nmalt\u0173 pipir\u0173.<\/p>\n<p>Receptas:<\/p>\n<p>Kanapes nuplauti, nusausinti ir truput\u012f paskrudinti keptuv\u0117je. Suberti \u012f gr\u016bstuv\u0105 ir sugr\u016bsti iki milt\u0173. Tada kanapes sud\u0117ti \u012f duben\u012f, u\u017epilti kar\u0161tu virintu vandeniu, \u012fberti pagal skon\u012f druskos, truput\u012f malt\u0173 pipir\u0173 ir visk\u0105 i\u0161mai\u0161yti. Kanapi\u0173 pienas valgomas su kar\u0161tomis bulv\u0117mis, i\u0161virtomis su lupenomis. Jis tinka vyresnio am\u017eiaus \u017emon\u0117ms.<\/p>\n<p>Paimta i\u0161:<br \/>\nJanina Ugin\u010dien\u0117 &#8220;\u017dEMAI\u010cI\u0172 VALGIAI&#8221; &#8211; Vilnius &#8220;Mintis&#8221;, 1977. <\/p>\n","protected":false},"excerpt":{"rendered":"<p>Reik\u0117s: 1l kanapi\u0173; 1,5l virinto vandens; druskos; malt\u0173 pipir\u0173. Receptas: Kanapes nuplauti, nusausinti ir truput\u012f paskrudinti keptuv\u0117je. Suberti \u012f gr\u016bstuv\u0105 ir sugr\u016bsti iki milt\u0173. Tada kanapes sud\u0117ti \u012f duben\u012f, u\u017epilti kar\u0161tu virintu vandeniu, \u012fberti pagal skon\u012f druskos, truput\u012f malt\u0173 pipir\u0173 ir visk\u0105 i\u0161mai\u0161yti. Kanapi\u0173 pienas valgomas su kar\u0161tomis bulv\u0117mis, i\u0161virtomis su lupenomis. Jis tinka vyresnio [&hellip;]<\/p>\n","protected":false},"author":2,"featured_media":0,"parent":0,"menu_order":0,"comment_status":"closed","ping_status":"closed","template":"","meta":{"footnotes":""},"class_list":["post-172","page","type-page","status-publish","hentry"],"_links":{"self":[{"href":"https:\/\/www.legalus.net\/kan\/wp-json\/wp\/v2\/pages\/172","targetHints":{"allow":["GET"]}}],"collection":[{"href":"https:\/\/www.legalus.net\/kan\/wp-json\/wp\/v2\/pages"}],"about":[{"href":"https:\/\/www.legalus.net\/kan\/wp-json\/wp\/v2\/types\/page"}],"author":[{"embeddable":true,"href":"https:\/\/www.legalus.net\/kan\/wp-json\/wp\/v2\/users\/2"}],"replies":[{"embeddable":true,"href":"https:\/\/www.legalus.net\/kan\/wp-json\/wp\/v2\/comments?post=172"}],"version-history":[{"count":1,"href":"https:\/\/www.legalus.net\/kan\/wp-json\/wp\/v2\/pages\/172\/revisions"}],"predecessor-version":[{"id":173,"href":"https:\/\/www.legalus.net\/kan\/wp-json\/wp\/v2\/pages\/172\/revisions\/173"}],"wp:attachment":[{"href":"https:\/\/www.legalus.net\/kan\/wp-json\/wp\/v2\/media?parent=172"}],"curies":[{"name":"wp","href":"https:\/\/api.w.org\/{rel}","templated":true}]}}