{"id":174,"date":"2013-06-06T19:59:38","date_gmt":"2013-06-06T17:59:38","guid":{"rendered":"http:\/\/www.legalus.net\/kan\/?page_id=174"},"modified":"2013-06-06T19:59:38","modified_gmt":"2013-06-06T17:59:38","slug":"kanapine","status":"publish","type":"page","link":"https:\/\/www.legalus.net\/kan\/kanapine","title":{"rendered":"Kanapin\u0117"},"content":{"rendered":"<p>[Sriuba, senovinis lietuvi\u0161kas receptas]<\/p>\n<p>Reik\u0117s:<\/p>\n<p>2-4 bulvi\u0173;<br \/>\n3 skilteli\u0173 \u010desnako;<br \/>\npipir\u0173;<br \/>\n0,5 stiklin\u0117s kanapi\u0173;<br \/>\n3-4 \u0161auk\u0161t\u0173 aliejaus;<br \/>\n2 svog\u016bn\u0173;<br \/>\ndruskos;<br \/>\n1l virinto vandens;<br \/>\ncitrinos r\u016bg\u0161ties.<\/p>\n<p>Receptas:<\/p>\n<p>\u010cesnak\u0105 smulkiai sukapoti. Kanapes i\u0161valyti, paspirginti keptuv\u0117je ir du kartus sumalti per smulk\u0173 sietel\u012f m\u0117samale. Dar kart\u0105 pakepinti su smulkiai tarkuotais svog\u016bnais, \u012fberti pipir\u0173, druskos.<br \/>\nBulves i\u0161virti, nulupti ir sutrinti. \u012e duben\u012f supilti virint\u0105 vanden\u012f, sud\u0117ti sutrintas bulves, \u010desnak\u0105, supilti u\u017evirint\u0105 aliej\u0173, \u012fberti druskos, citrinos r\u016bg\u0161ties ir paruo\u0161t\u0173 kanapi\u0173 (spirgu\u010dio). Visk\u0105 i\u0161mai\u0161yti.<br \/>\nValgyti su kar\u0161tomis su lupenomis virtomis bulv\u0117mis.<\/p>\n<p>Paimta i\u0161:<br \/>\nJanina Ugin\u010dien\u0117 &#8220;MO\u010cIUT\u0116S VAI\u0160\u0116S&#8221; &#8211; Vilnius &#8220;Mokslas&#8221;, 1985. &#8211; 51p.<\/p>\n<p>\u012fd\u0117ta 2003.07.15<\/p>\n","protected":false},"excerpt":{"rendered":"<p>[Sriuba, senovinis lietuvi\u0161kas receptas] Reik\u0117s: 2-4 bulvi\u0173; 3 skilteli\u0173 \u010desnako; pipir\u0173; 0,5 stiklin\u0117s kanapi\u0173; 3-4 \u0161auk\u0161t\u0173 aliejaus; 2 svog\u016bn\u0173; druskos; 1l virinto vandens; citrinos r\u016bg\u0161ties. Receptas: \u010cesnak\u0105 smulkiai sukapoti. Kanapes i\u0161valyti, paspirginti keptuv\u0117je ir du kartus sumalti per smulk\u0173 sietel\u012f m\u0117samale. Dar kart\u0105 pakepinti su smulkiai tarkuotais svog\u016bnais, \u012fberti pipir\u0173, druskos. Bulves i\u0161virti, nulupti ir [&hellip;]<\/p>\n","protected":false},"author":2,"featured_media":0,"parent":0,"menu_order":0,"comment_status":"closed","ping_status":"closed","template":"","meta":{"footnotes":""},"class_list":["post-174","page","type-page","status-publish","hentry"],"_links":{"self":[{"href":"https:\/\/www.legalus.net\/kan\/wp-json\/wp\/v2\/pages\/174","targetHints":{"allow":["GET"]}}],"collection":[{"href":"https:\/\/www.legalus.net\/kan\/wp-json\/wp\/v2\/pages"}],"about":[{"href":"https:\/\/www.legalus.net\/kan\/wp-json\/wp\/v2\/types\/page"}],"author":[{"embeddable":true,"href":"https:\/\/www.legalus.net\/kan\/wp-json\/wp\/v2\/users\/2"}],"replies":[{"embeddable":true,"href":"https:\/\/www.legalus.net\/kan\/wp-json\/wp\/v2\/comments?post=174"}],"version-history":[{"count":1,"href":"https:\/\/www.legalus.net\/kan\/wp-json\/wp\/v2\/pages\/174\/revisions"}],"predecessor-version":[{"id":175,"href":"https:\/\/www.legalus.net\/kan\/wp-json\/wp\/v2\/pages\/174\/revisions\/175"}],"wp:attachment":[{"href":"https:\/\/www.legalus.net\/kan\/wp-json\/wp\/v2\/media?parent=174"}],"curies":[{"name":"wp","href":"https:\/\/api.w.org\/{rel}","templated":true}]}}