{"id":176,"date":"2013-06-06T19:59:59","date_gmt":"2013-06-06T17:59:59","guid":{"rendered":"http:\/\/www.legalus.net\/kan\/?page_id=176"},"modified":"2013-06-06T19:59:59","modified_gmt":"2013-06-06T17:59:59","slug":"kanapine-teptine","status":"publish","type":"page","link":"https:\/\/www.legalus.net\/kan\/kanapine-teptine","title":{"rendered":"Kanapin\u0117-teptin\u0117"},"content":{"rendered":"<p>[Antrasis patiekalas, senovinis lietuvi\u0161kas receptas]<\/p>\n<p>Reik\u0117s:<\/p>\n<p>2 stiklini\u0173 kanapi\u0173;<br \/>\n50g sviesto;<br \/>\n1 svog\u016bno;<br \/>\nmalt\u0173 pipir\u0173;<br \/>\n1 virtos bulv\u0117s;<br \/>\ndruskos.<\/p>\n<p>Receptas:<\/p>\n<p>I. Kanapes 2-3val. mirkyti vandenyje. Paskui i\u0161virti ir sumalti m\u0117samale per tank\u0173 sietel\u012f. Svog\u016bn\u0105 sumalti ir pakepinti svieste. Sumalti ir bulv\u0119. Visk\u0105 sud\u0117ti \u012f duben\u012f, \u012fberti druskos, pipir\u0173, i\u0161sukti.<br \/>\nValgyti su kar\u0161tomis bulv\u0117mis, virtomis su lupena. Galima \u0161alt\u0105 tepti ant duonos.<\/p>\n<p>II. Vietoj sviesto imti 50g aliejaus. Visa kita daroma taip pat, kaip nurodyta auk\u0161\u010diau.<\/p>\n<p>Paimta i\u0161:<br \/>\nJanina Ugin\u010dien\u0117 &#8220;MO\u010cIUT\u0116S VAI\u0160\u0116S&#8221; &#8211; Vilnius &#8220;Mokslas&#8221;, 1985. &#8211; 70p.<\/p>\n","protected":false},"excerpt":{"rendered":"<p>[Antrasis patiekalas, senovinis lietuvi\u0161kas receptas] Reik\u0117s: 2 stiklini\u0173 kanapi\u0173; 50g sviesto; 1 svog\u016bno; malt\u0173 pipir\u0173; 1 virtos bulv\u0117s; druskos. Receptas: I. Kanapes 2-3val. mirkyti vandenyje. Paskui i\u0161virti ir sumalti m\u0117samale per tank\u0173 sietel\u012f. Svog\u016bn\u0105 sumalti ir pakepinti svieste. Sumalti ir bulv\u0119. Visk\u0105 sud\u0117ti \u012f duben\u012f, \u012fberti druskos, pipir\u0173, i\u0161sukti. Valgyti su kar\u0161tomis bulv\u0117mis, virtomis su [&hellip;]<\/p>\n","protected":false},"author":2,"featured_media":0,"parent":0,"menu_order":0,"comment_status":"closed","ping_status":"closed","template":"","meta":{"footnotes":""},"class_list":["post-176","page","type-page","status-publish","hentry"],"_links":{"self":[{"href":"https:\/\/www.legalus.net\/kan\/wp-json\/wp\/v2\/pages\/176","targetHints":{"allow":["GET"]}}],"collection":[{"href":"https:\/\/www.legalus.net\/kan\/wp-json\/wp\/v2\/pages"}],"about":[{"href":"https:\/\/www.legalus.net\/kan\/wp-json\/wp\/v2\/types\/page"}],"author":[{"embeddable":true,"href":"https:\/\/www.legalus.net\/kan\/wp-json\/wp\/v2\/users\/2"}],"replies":[{"embeddable":true,"href":"https:\/\/www.legalus.net\/kan\/wp-json\/wp\/v2\/comments?post=176"}],"version-history":[{"count":1,"href":"https:\/\/www.legalus.net\/kan\/wp-json\/wp\/v2\/pages\/176\/revisions"}],"predecessor-version":[{"id":177,"href":"https:\/\/www.legalus.net\/kan\/wp-json\/wp\/v2\/pages\/176\/revisions\/177"}],"wp:attachment":[{"href":"https:\/\/www.legalus.net\/kan\/wp-json\/wp\/v2\/media?parent=176"}],"curies":[{"name":"wp","href":"https:\/\/api.w.org\/{rel}","templated":true}]}}