{"id":178,"date":"2013-06-06T20:00:21","date_gmt":"2013-06-06T18:00:21","guid":{"rendered":"http:\/\/www.legalus.net\/kan\/?page_id=178"},"modified":"2013-06-06T20:00:21","modified_gmt":"2013-06-06T18:00:21","slug":"kanapkose","status":"publish","type":"page","link":"https:\/\/www.legalus.net\/kan\/kanapkose","title":{"rendered":"Kanapko\u0161\u0117"},"content":{"rendered":"<p>[Antrasis patiekalas, senovinis lietuvi\u0161kas receptas]<\/p>\n<p>Reik\u0117s:<\/p>\n<p>1 stiklin\u0117s kanapi\u0173;<br \/>\n1 svog\u016bno;<br \/>\n2 \u0161auk\u0161t\u0173 milt\u0173;<br \/>\n1-1,5 stiklin\u0117s vandens;<br \/>\npipir\u0173;<br \/>\ndruskos.<\/p>\n<p>Receptas:<\/p>\n<p>Kanapes keptuv\u0117je paspirginti ir gr\u016bstuve sugr\u016bsti \u012f miltus.<br \/>\n\u012e verdant\u012f vanden\u012f mai\u0161ant suberti miltus. Po to sud\u0117ti smulkiai supjaustyt\u0105 svog\u016bn\u0105, \u012fberti pipir\u0173, druskos ir ant lengvos ugnies mai\u0161ant pavirinti. Nukaitus suberti kanapi\u0173 miltus, i\u0161mai\u0161yti.<br \/>\nValgoma su kar\u0161tomis su lupenomis i\u0161virtomis bulv\u0117mis.<\/p>\n<p>Paimta i\u0161:<br \/>\nJanina Ugin\u010dien\u0117 &#8220;MO\u010cIUT\u0116S VAI\u0160\u0116S&#8221; &#8211; Vilnius &#8220;Mokslas&#8221;, 1985. &#8211; 97p.<\/p>\n","protected":false},"excerpt":{"rendered":"<p>[Antrasis patiekalas, senovinis lietuvi\u0161kas receptas] Reik\u0117s: 1 stiklin\u0117s kanapi\u0173; 1 svog\u016bno; 2 \u0161auk\u0161t\u0173 milt\u0173; 1-1,5 stiklin\u0117s vandens; pipir\u0173; druskos. Receptas: Kanapes keptuv\u0117je paspirginti ir gr\u016bstuve sugr\u016bsti \u012f miltus. \u012e verdant\u012f vanden\u012f mai\u0161ant suberti miltus. Po to sud\u0117ti smulkiai supjaustyt\u0105 svog\u016bn\u0105, \u012fberti pipir\u0173, druskos ir ant lengvos ugnies mai\u0161ant pavirinti. Nukaitus suberti kanapi\u0173 miltus, i\u0161mai\u0161yti. Valgoma [&hellip;]<\/p>\n","protected":false},"author":2,"featured_media":0,"parent":0,"menu_order":0,"comment_status":"closed","ping_status":"closed","template":"","meta":{"footnotes":""},"class_list":["post-178","page","type-page","status-publish","hentry"],"_links":{"self":[{"href":"https:\/\/www.legalus.net\/kan\/wp-json\/wp\/v2\/pages\/178","targetHints":{"allow":["GET"]}}],"collection":[{"href":"https:\/\/www.legalus.net\/kan\/wp-json\/wp\/v2\/pages"}],"about":[{"href":"https:\/\/www.legalus.net\/kan\/wp-json\/wp\/v2\/types\/page"}],"author":[{"embeddable":true,"href":"https:\/\/www.legalus.net\/kan\/wp-json\/wp\/v2\/users\/2"}],"replies":[{"embeddable":true,"href":"https:\/\/www.legalus.net\/kan\/wp-json\/wp\/v2\/comments?post=178"}],"version-history":[{"count":1,"href":"https:\/\/www.legalus.net\/kan\/wp-json\/wp\/v2\/pages\/178\/revisions"}],"predecessor-version":[{"id":179,"href":"https:\/\/www.legalus.net\/kan\/wp-json\/wp\/v2\/pages\/178\/revisions\/179"}],"wp:attachment":[{"href":"https:\/\/www.legalus.net\/kan\/wp-json\/wp\/v2\/media?parent=178"}],"curies":[{"name":"wp","href":"https:\/\/api.w.org\/{rel}","templated":true}]}}