{"id":182,"date":"2013-06-06T20:01:03","date_gmt":"2013-06-06T18:01:03","guid":{"rendered":"http:\/\/www.legalus.net\/kan\/?page_id=182"},"modified":"2013-06-06T20:01:03","modified_gmt":"2013-06-06T18:01:03","slug":"bulviu-kose-su-kanapemis","status":"publish","type":"page","link":"https:\/\/www.legalus.net\/kan\/bulviu-kose-su-kanapemis","title":{"rendered":"Bulvi\u0173 ko\u0161\u0117 su kanap\u0117mis"},"content":{"rendered":"<p>[Antrasis patiekalas, senovinis lietuvi\u0161kas receptas]<\/p>\n<p>Reik\u0117s:<\/p>\n<p>10 bulvi\u0173;<br \/>\n1 stiklin\u0117s kanapi\u0173;<br \/>\n1 svog\u016bno;<br \/>\nmalt\u0173 pipir\u0173;<br \/>\ndruskos;<br \/>\n2 \u0161auk\u0161t\u0173 aliejaus.<\/p>\n<p>Receptas:<\/p>\n<p>Bulves nuskusti, nuplauti ir i\u0161virti pas\u016bdytame vandenyje. I\u0161virusias nusunkti, sukratyti.<br \/>\n\u0160varias kanapes berti \u012f kar\u0161t\u0105 keptuv\u0119, paspirginti, kol &#8220;trat\u0117s&#8221;. Paskui sumalti m\u0117samale per smulk\u0173 sietel\u012f du kartus. D\u0117ti \u012f keptuv\u0119, u\u017epilti aliejumi, sud\u0117ti smulkiai supjaustyt\u0105 svog\u016bn\u0105, druskos, pakepinti.<br \/>\nSuspirgusias kanapes u\u017epilti ant i\u0161virusi\u0173 bulvi\u0173. Puod\u0105 pakratyti.<br \/>\nPrie bulvi\u0173 tro\u0161k\u0117s su kanap\u0117mis \u017demaitijoje paduodamas r\u016bgusis pienas, kop\u016bst\u0173 sultys, ber\u017e\u0173 ar klev\u0173 sula bei balinta kava.<\/p>\n<p>Paimta i\u0161:<br \/>\nJanina Ugin\u010dien\u0117 &#8220;MO\u010cIUT\u0116S VAI\u0160\u0116S&#8221; &#8211; Vilnius &#8220;Mokslas&#8221;, 1985. &#8211; 102p.<\/p>\n","protected":false},"excerpt":{"rendered":"<p>[Antrasis patiekalas, senovinis lietuvi\u0161kas receptas] Reik\u0117s: 10 bulvi\u0173; 1 stiklin\u0117s kanapi\u0173; 1 svog\u016bno; malt\u0173 pipir\u0173; druskos; 2 \u0161auk\u0161t\u0173 aliejaus. Receptas: Bulves nuskusti, nuplauti ir i\u0161virti pas\u016bdytame vandenyje. I\u0161virusias nusunkti, sukratyti. \u0160varias kanapes berti \u012f kar\u0161t\u0105 keptuv\u0119, paspirginti, kol &#8220;trat\u0117s&#8221;. Paskui sumalti m\u0117samale per smulk\u0173 sietel\u012f du kartus. D\u0117ti \u012f keptuv\u0119, u\u017epilti aliejumi, sud\u0117ti smulkiai supjaustyt\u0105 [&hellip;]<\/p>\n","protected":false},"author":2,"featured_media":0,"parent":0,"menu_order":0,"comment_status":"closed","ping_status":"closed","template":"","meta":{"footnotes":""},"class_list":["post-182","page","type-page","status-publish","hentry"],"_links":{"self":[{"href":"https:\/\/www.legalus.net\/kan\/wp-json\/wp\/v2\/pages\/182","targetHints":{"allow":["GET"]}}],"collection":[{"href":"https:\/\/www.legalus.net\/kan\/wp-json\/wp\/v2\/pages"}],"about":[{"href":"https:\/\/www.legalus.net\/kan\/wp-json\/wp\/v2\/types\/page"}],"author":[{"embeddable":true,"href":"https:\/\/www.legalus.net\/kan\/wp-json\/wp\/v2\/users\/2"}],"replies":[{"embeddable":true,"href":"https:\/\/www.legalus.net\/kan\/wp-json\/wp\/v2\/comments?post=182"}],"version-history":[{"count":1,"href":"https:\/\/www.legalus.net\/kan\/wp-json\/wp\/v2\/pages\/182\/revisions"}],"predecessor-version":[{"id":183,"href":"https:\/\/www.legalus.net\/kan\/wp-json\/wp\/v2\/pages\/182\/revisions\/183"}],"wp:attachment":[{"href":"https:\/\/www.legalus.net\/kan\/wp-json\/wp\/v2\/media?parent=182"}],"curies":[{"name":"wp","href":"https:\/\/api.w.org\/{rel}","templated":true}]}}