{"id":184,"date":"2013-06-06T20:02:05","date_gmt":"2013-06-06T18:02:05","guid":{"rendered":"http:\/\/www.legalus.net\/kan\/?page_id=184"},"modified":"2013-06-06T20:02:05","modified_gmt":"2013-06-06T18:02:05","slug":"burokeliu-sriuba-su-kanapemis","status":"publish","type":"page","link":"https:\/\/www.legalus.net\/kan\/burokeliu-sriuba-su-kanapemis","title":{"rendered":"Burok\u0117li\u0173 sriuba su kanap\u0117mis"},"content":{"rendered":"<p>Reik\u0117s:<\/p>\n<p>1kg burok\u0117li\u0173;<br \/>\n100g aliejaus;<br \/>\nstiklin\u0117 kanapi\u0173 (pakepint\u0173 ir sugr\u016bst\u0173 gr\u016bstuve);<br \/>\n1kg bulvi\u0173;<br \/>\npipir\u0173;<br \/>\ndruskos;<br \/>\nsvog\u016bn\u0173.<\/p>\n<p>Receptas:<\/p>\n<p>I\u0161virtus burok\u0117lius nulupti, supjaustyti \u0161iaudeliais, pakepinti aliejuje ir u\u017epilti paruo\u0161tu kanapi\u0173 pienu (sugr\u016bstas kanapes praskiesti 1 l virinto vandens ir perko\u0161ti). prid\u0117ti malt\u0173 pipir\u0173, supjaustyt\u0173 svog\u016bn\u0173, druskos.<br \/>\nSriub\u0105 paduoti \u012f stal\u0105 kar\u0161t\u0105. valgyti su bulv\u0117mis, i\u0161virtomis su lupenomis.<\/p>\n<p>Paimta i\u0161:<br \/>\nJanina Ugin\u010dien\u0117 &#8220;\u017dEMAI\u010cI\u0172 VALGIAI&#8221; &#8211; Vilnius &#8220;Mintis&#8221;, 1977. <\/p>\n","protected":false},"excerpt":{"rendered":"<p>Reik\u0117s: 1kg burok\u0117li\u0173; 100g aliejaus; stiklin\u0117 kanapi\u0173 (pakepint\u0173 ir sugr\u016bst\u0173 gr\u016bstuve); 1kg bulvi\u0173; pipir\u0173; druskos; svog\u016bn\u0173. Receptas: I\u0161virtus burok\u0117lius nulupti, supjaustyti \u0161iaudeliais, pakepinti aliejuje ir u\u017epilti paruo\u0161tu kanapi\u0173 pienu (sugr\u016bstas kanapes praskiesti 1 l virinto vandens ir perko\u0161ti). prid\u0117ti malt\u0173 pipir\u0173, supjaustyt\u0173 svog\u016bn\u0173, druskos. Sriub\u0105 paduoti \u012f stal\u0105 kar\u0161t\u0105. valgyti su bulv\u0117mis, i\u0161virtomis su lupenomis. [&hellip;]<\/p>\n","protected":false},"author":2,"featured_media":0,"parent":0,"menu_order":0,"comment_status":"closed","ping_status":"closed","template":"","meta":{"footnotes":""},"class_list":["post-184","page","type-page","status-publish","hentry"],"_links":{"self":[{"href":"https:\/\/www.legalus.net\/kan\/wp-json\/wp\/v2\/pages\/184","targetHints":{"allow":["GET"]}}],"collection":[{"href":"https:\/\/www.legalus.net\/kan\/wp-json\/wp\/v2\/pages"}],"about":[{"href":"https:\/\/www.legalus.net\/kan\/wp-json\/wp\/v2\/types\/page"}],"author":[{"embeddable":true,"href":"https:\/\/www.legalus.net\/kan\/wp-json\/wp\/v2\/users\/2"}],"replies":[{"embeddable":true,"href":"https:\/\/www.legalus.net\/kan\/wp-json\/wp\/v2\/comments?post=184"}],"version-history":[{"count":1,"href":"https:\/\/www.legalus.net\/kan\/wp-json\/wp\/v2\/pages\/184\/revisions"}],"predecessor-version":[{"id":185,"href":"https:\/\/www.legalus.net\/kan\/wp-json\/wp\/v2\/pages\/184\/revisions\/185"}],"wp:attachment":[{"href":"https:\/\/www.legalus.net\/kan\/wp-json\/wp\/v2\/media?parent=184"}],"curies":[{"name":"wp","href":"https:\/\/api.w.org\/{rel}","templated":true}]}}