{"id":186,"date":"2013-06-06T20:02:24","date_gmt":"2013-06-06T18:02:24","guid":{"rendered":"http:\/\/www.legalus.net\/kan\/?page_id=186"},"modified":"2013-06-06T20:02:24","modified_gmt":"2013-06-06T18:02:24","slug":"kiulkina","status":"publish","type":"page","link":"https:\/\/www.legalus.net\/kan\/kiulkina","title":{"rendered":"&#8220;Kiulkina&#8221;"},"content":{"rendered":"<p>Reik\u0117s:<\/p>\n<p>Pus\u0117s stiklin\u0117s kanapi\u0173;<br \/>\n2 vidutinio dyd\u017eio bulvi\u0173;<br \/>\n50g juodos duonos;<br \/>\ndruskos pagal skon\u012f.<\/p>\n<p>Receptas:<\/p>\n<p>Nuplautas, i\u0161d\u017eiovintas kanapes gerai sugr\u016bsti. i\u0161virtas su lupenomis bulves nulupti ir supjaustyti nedideliais kubeliais. Duon\u0105 supjaustyti taip pat, kaip bulves. Visus paruo\u0161tus produktus sumai\u0161yti, \u012fb\u0117rus pagal skon\u012f druskos.<br \/>\nPatiekalas tinka prie silki\u0173 bei \u012fvairi\u0173 \u017euvies patiekal\u0173.<\/p>\n<p>Paimta i\u0161:<br \/>\nJanina Ugin\u010dien\u0117 &#8220;\u017dEMAI\u010cI\u0172 VALGIAI&#8221; &#8211; Vilnius &#8220;Mintis&#8221;, 1977. <\/p>\n","protected":false},"excerpt":{"rendered":"<p>Reik\u0117s: Pus\u0117s stiklin\u0117s kanapi\u0173; 2 vidutinio dyd\u017eio bulvi\u0173; 50g juodos duonos; druskos pagal skon\u012f. Receptas: Nuplautas, i\u0161d\u017eiovintas kanapes gerai sugr\u016bsti. i\u0161virtas su lupenomis bulves nulupti ir supjaustyti nedideliais kubeliais. Duon\u0105 supjaustyti taip pat, kaip bulves. Visus paruo\u0161tus produktus sumai\u0161yti, \u012fb\u0117rus pagal skon\u012f druskos. Patiekalas tinka prie silki\u0173 bei \u012fvairi\u0173 \u017euvies patiekal\u0173. Paimta i\u0161: Janina Ugin\u010dien\u0117 [&hellip;]<\/p>\n","protected":false},"author":2,"featured_media":0,"parent":0,"menu_order":0,"comment_status":"closed","ping_status":"closed","template":"","meta":{"footnotes":""},"class_list":["post-186","page","type-page","status-publish","hentry"],"_links":{"self":[{"href":"https:\/\/www.legalus.net\/kan\/wp-json\/wp\/v2\/pages\/186","targetHints":{"allow":["GET"]}}],"collection":[{"href":"https:\/\/www.legalus.net\/kan\/wp-json\/wp\/v2\/pages"}],"about":[{"href":"https:\/\/www.legalus.net\/kan\/wp-json\/wp\/v2\/types\/page"}],"author":[{"embeddable":true,"href":"https:\/\/www.legalus.net\/kan\/wp-json\/wp\/v2\/users\/2"}],"replies":[{"embeddable":true,"href":"https:\/\/www.legalus.net\/kan\/wp-json\/wp\/v2\/comments?post=186"}],"version-history":[{"count":1,"href":"https:\/\/www.legalus.net\/kan\/wp-json\/wp\/v2\/pages\/186\/revisions"}],"predecessor-version":[{"id":187,"href":"https:\/\/www.legalus.net\/kan\/wp-json\/wp\/v2\/pages\/186\/revisions\/187"}],"wp:attachment":[{"href":"https:\/\/www.legalus.net\/kan\/wp-json\/wp\/v2\/media?parent=186"}],"curies":[{"name":"wp","href":"https:\/\/api.w.org\/{rel}","templated":true}]}}