{"id":20,"date":"2013-06-05T01:46:38","date_gmt":"2013-06-04T23:46:38","guid":{"rendered":"http:\/\/www.legalus.net\/kan\/?page_id=20"},"modified":"2013-06-06T06:22:11","modified_gmt":"2013-06-06T04:22:11","slug":"visiskai-zaliems","status":"publish","type":"page","link":"https:\/\/www.legalus.net\/kan\/visiskai-zaliems","title":{"rendered":"Visi\u0161kai \u017daliems"},"content":{"rendered":"<p>Pagrindiniai materialai kuri\u0173 jums reikia:<br \/>\n&#8211; Lempos<br \/>\n&#8211; S\u0117kl\u0173<br \/>\n&#8211; \u017demi\u0173 (substrato)<br \/>\n&#8211; Tr\u0105\u0161\u0173<br \/>\n&#8211; Vazono<\/p>\n<p>Nei\u0161sig\u0105skite jei j\u016bs mat\u0117te sud\u0117ting\u0105 ap\u0161vietimo \u012frang\u0105 kitose svetain\u0117se. CFL (kompaktin\u0117s fluorescencin\u0117s) lemput\u0117s, kurios n\u0117ra brangios ir yra beveik visose parduotuv\u0117se, u\u017eaugins augal\u0105 geriau, nei tu manei anks\u010diau. Tai puikus pasirinkimas prad\u017eiai, kad suprastum kaip viskas vyksta, net jei nieko dar ne\u017einai apie auginim\u0105.<\/p>\n<p>Pirmas sara\u0161e &#8211; lempos. Stenkites apimti ma\u017eiausiai 250 w. \u012f kvadratin\u012f metr\u0105, o geriausiai b\u016bt\u0173 450 w &#8211; CFL lemput\u0117mis (kitoms lempoms taikomi kitokie matavimai). Tarkime, jei j\u016bs\u0173 lemput\u0117s bus po 25 w, tuomet vienam kvadratiniam metrui reik\u0117s 3 &#8211; 6 toki\u0173 lempu\u010di\u0173. Kuo daugiau tuo geriau! Viename tokiame kvadratiniame metre galite auginti 3-4 augalus.<\/p>\n<p>Sekantis punktas &#8211; s\u0117klos. J\u0173 galite atsisi\u0173sti i\u0161 s\u0117kl\u0173 bank\u0173 (seeds bank) tokiuose kaip \u0161is: Seedsman. Blogiausiu atv\u0117ju klauskite t\u0173, kas jau augina. Jie pad\u0117s jums su\u017einoti kur gauti s\u0117kl\u0173.<\/p>\n<p>Patartina \u012fsigyti 10 s\u0117kl\u0173. Jei daiginate 5 s\u0117klas, grei\u010diausiai j\u016bs tur\u0117site kelias mergaites, ta\u010diau jei u\u017eauga tik viena, nenusiminkite, j\u016bs galite paimti nuo jos klon\u0105 ir u\u017epildyti augalais savo auginam\u0105 viet\u0105 &#8211; Klonavimas. Pasilikite likusias 5 s\u0117kalas sekan\u010diam auginimui, kuomet jau tur\u0117site \u0161iek tiek patirties, arba jei mirs penki pirmi augalai, gal\u0117site prad\u0117ti i\u0161 naujo.<\/p>\n<p>Kitas dalykas kur\u012f reikia aptarti &#8211; \u017eem\u0117s, substratas. Paprastos \u017eem\u0117s yra geros, ta\u010diau gali b\u016bti per sunkios. Gaukite \u012fprast\u0173 \u017eemi\u0173 ir sumai\u0161ykite jas su sm\u0117liu ar perlitu lygiomis dalimis. Venkite t\u0173 \u017eemi\u0173, kuriuose yra daug molio.<\/p>\n<p>Tr\u0105\u0161os yra labai svarbus dalykas. NPK (natris, fosforas, kalis) yra nurodytas ant tr\u0105\u0161\u0173 pakuo\u010di\u0173. Prad\u017eiai bus geras 20-20-20 santykis (arba 10-10-10) (apie tai, kaip skai\u010diuojami santykiai, tur\u0117jote i\u0161mokti mokykloje). Naudokite instrukcijomis, ir JOKIAIS B\u016aDAIS NESUIGUNDYKITE PANAUDOTI DAUGIAU, tik\u0117damiesi geresnio rezultato. Tai nu\u017eudys augal\u0105. Tr\u0105\u0161as galite d\u0117ti \u012f vanden\u012f kuriuo laistote augal\u0105.<\/p>\n<p>Jei instrukcijos nurodo naudoti tam tikr\u0105 kiek\u012f tra\u0161\u0173 kiekvien\u0105 savait\u0119, o j\u016bs augal\u0105 laistote du kartus per savait\u0119, tuomet t\u0105 kiek\u012f dalinkite per pus\u0119 (kad per vis\u0105 savait\u0119 sunaudotum\u0117te ne daugiau tr\u0105\u0161\u0173 nei nurodyta). Kai sodinukai tampa auk\u0161tensi kaip 10 cm. leiskite substrato pavir\u0161iui i\u0161d\u017eiuti prie\u0161 laistant sekant\u012f kart\u0105. Perlaistymas ir pertr\u0119\u0161imas yra pagrindin\u0117s problem\u0173 prie\u017eastys pradedantiesiems.<\/p>\n<p>Vazonai. Susiraskite pigiausius vazonus kokius tik rasite. Plastikiniai yra pigiausi, bet taip pat geri ir moliniai. Vazono dugne privalo b\u016bti skylut\u0117s (bent jau viena). U\u017ed\u0117kite tinklel\u012f dugno apa\u010dioje, ant skyli\u0173, kad \u017eem\u0117s pro jas nebyr\u0117t\u0173.<\/p>\n<p>Kiti \u012frankiai kuri\u0173 jums gali prireikti: ma\u017eas kastuv\u0117lis, smulkus pagaliukas ma\u017e\u0173 daigeli\u0173 prilaikymui ir laikmatis (&#8220;taimeris&#8221;) lempoms (apara\u010diukas kuris \u012fsiki\u0161a \u012f rozet\u0119 ir leid\u017eia nustatyi, kad lempos \u012fsijungtu ar i\u0161sijungtu jums reikiamu laiku). Dirvo\u017eemio dregm\u0117s matuoklis b\u016bt\u0173 gerai, ta\u010diau neb\u016btinas.<br \/>\nNuo ko prad\u0117ti?<br \/>\n\u012ed\u0117kite s\u0117kl\u0105 \u012f substrat\u0105 0,5 cm. gylumoje. Palaistikyte ir u\u017edenkite stiklainiu, ar nupjauto butelio galu. Kai pamtysite daigel\u012f, nuimkite stiklain\u012f. Sodinkite tik vien\u0105 s\u0117kl\u0105 viename vazon\u0117lyje.<br \/>\nDaugiau apie tai, kaip pasodinti s\u0117kl\u0105 rasite \u0161ioje temoje: <a href=\"http:\/\/www.legalus.net\/kan\/?page_id=24\" title=\"Daiginimas\">Daiginimas<\/a><\/p>\n<p>Kuomet daigelis i\u0161lenda i\u0161 po \u017eemi\u0173 &#8211; jiems reikia \u0161viesos. CFL lempa tur\u0117t\u0173 kab\u0117ti 10cm. auk\u0161\u010diau negu daigelis. Kai daigelis paauga vir\u0161 10 cm, galite lemp\u0105 nuleisti iki 5 cm. auk\u0161\u010dio vir\u0161 augalo.<\/p>\n<p>Prikabintike savo lemp\u0105 virve ar grandin\u0117l\u0117mis, kad b\u016bt\u0173 galima lengvai suma\u017einti ar padidinti j\u0173 auk\u0161\u012f. S\u0117klos paprastai dygsta nuo vienos dienos iki dviej\u0173 savai\u010di\u0173. Laikykite substrat\u0105 dr\u0117gn\u0105 kol i\u0161lys daigeliai. \u0160vies\u0105 galite palikti \u012fjungt\u0105 pastoviai, arba nustatyti laikmat\u012f jog 18 valand\u0173 \u0161viest\u0173 ir 6 valandas b\u016bt\u0173 tamsa.<br \/>\nKiek tai kainuos?<br \/>\nVidutini\u0161kai:<\/p>\n<p>A) CFL lempos: 10 &#8211; 20 lt u\u017e vien\u0105 lemp\u0105<br \/>\nB) S\u0117klos: s\u0117kl\u0173 bankuose, internete, pigiausios s\u0117klos kainuoja apie 70-80 lt u\u017e 10 s\u0117kl\u0173 ir apie 15 lt atsiuntimas.<br \/>\nC) Substratas: \u017eem\u0117s, sm\u0117lis, perlitas 20 &#8211; 30 lt.<br \/>\nD) Tr\u0105\u0161os: apie 20 lt<\/p>\n<p>Visk\u0105 sud\u0117jus apytiksliai: 200 &#8211; 300 lt.<\/p>\n<p>Atminkite: derliaus kokyb\u0119 nulems j\u016bs\u0173 turimos \u017einios! Negail\u0117kite laiko ir daug skaitykite, dom\u0117kites!<\/p>\n","protected":false},"excerpt":{"rendered":"<p>Pagrindiniai materialai kuri\u0173 jums reikia: &#8211; Lempos &#8211; S\u0117kl\u0173 &#8211; \u017demi\u0173 (substrato) &#8211; Tr\u0105\u0161\u0173 &#8211; Vazono Nei\u0161sig\u0105skite jei j\u016bs mat\u0117te sud\u0117ting\u0105 ap\u0161vietimo \u012frang\u0105 kitose svetain\u0117se. CFL (kompaktin\u0117s fluorescencin\u0117s) lemput\u0117s, kurios n\u0117ra brangios ir yra beveik visose parduotuv\u0117se, u\u017eaugins augal\u0105 geriau, nei tu manei anks\u010diau. Tai puikus pasirinkimas prad\u017eiai, kad suprastum kaip viskas vyksta, net jei [&hellip;]<\/p>\n","protected":false},"author":2,"featured_media":0,"parent":0,"menu_order":0,"comment_status":"open","ping_status":"open","template":"","meta":{"footnotes":""},"class_list":["post-20","page","type-page","status-publish","hentry"],"_links":{"self":[{"href":"https:\/\/www.legalus.net\/kan\/wp-json\/wp\/v2\/pages\/20","targetHints":{"allow":["GET"]}}],"collection":[{"href":"https:\/\/www.legalus.net\/kan\/wp-json\/wp\/v2\/pages"}],"about":[{"href":"https:\/\/www.legalus.net\/kan\/wp-json\/wp\/v2\/types\/page"}],"author":[{"embeddable":true,"href":"https:\/\/www.legalus.net\/kan\/wp-json\/wp\/v2\/users\/2"}],"replies":[{"embeddable":true,"href":"https:\/\/www.legalus.net\/kan\/wp-json\/wp\/v2\/comments?post=20"}],"version-history":[{"count":8,"href":"https:\/\/www.legalus.net\/kan\/wp-json\/wp\/v2\/pages\/20\/revisions"}],"predecessor-version":[{"id":113,"href":"https:\/\/www.legalus.net\/kan\/wp-json\/wp\/v2\/pages\/20\/revisions\/113"}],"wp:attachment":[{"href":"https:\/\/www.legalus.net\/kan\/wp-json\/wp\/v2\/media?parent=20"}],"curies":[{"name":"wp","href":"https:\/\/api.w.org\/{rel}","templated":true}]}}