{"id":26,"date":"2013-06-05T01:53:04","date_gmt":"2013-06-04T23:53:04","guid":{"rendered":"http:\/\/www.legalus.net\/kan\/?page_id=26"},"modified":"2013-06-06T19:40:00","modified_gmt":"2013-06-06T17:40:00","slug":"vazonai","status":"publish","type":"page","link":"https:\/\/www.legalus.net\/kan\/vazonai","title":{"rendered":"Vazonai"},"content":{"rendered":"<p><center><img decoding=\"async\" src=\"img\/vazonai\/vazoneliai.jpg\" alt=\"vazonai kanapems\"><\/center><\/p>\n<h5>Kok\u012f vazon\u0105 naudoti?<\/h5>\n<p>Jauniems sodinukams nepatariama naudoti molini\u0173 vazon\u0117li\u0173, kadangi jie sugeria dr\u0117gm\u0119.<\/p>\n<p>Prakti\u0161kai visoms auginimo stadijoms nuo daiginimo iki \u017eyd\u0117jimo geriausia yra naudoti plastikinius vazonus ar kibirus. Pigu, neu\u017eima vietos, lengva.<\/p>\n<p>Tam, kad sutaupytum\u0117te viet\u0105, naudokite kvadratinius vazonus. (kaip paveiksliuke, auk\u0161\u010diau)<\/p>\n<h5>Kokio dyd\u017eio vazon\u0105 naudoti?<\/h5>\n<p>Yra viena &#8220;nera\u0161yta&#8221; taisykl\u0117: 1 galonas, per 1 p\u0117d\u0105 augalo. \u012e lietuvi\u0173 matmenis i\u0161vertus gaunasi:<\/p>\n<p><b>4 litrai &#8211; 30 cm augalui<\/b><\/p>\n<p>(\u0160i taisykl\u0117 tinka tik \u012fprastam auginimui, netaikant joki\u0173 auginimo metod\u0173)<\/p>\n<table border=\"1\" cellpadding=\"2\" cellspacing=\"0\">\n<tbody>\n<tr>\n<th colspan=\"9\" bgcolor=\"#e0e0e0\">Vazono dydis pagal augalo auk\u0161t\u012f<\/p>\n<p>\u017dalia spalva &#8211; <font color=\"#42ac02\">TINKA<\/font>&nbsp; &nbsp; &nbsp; &nbsp;  Raudona spalva &#8211; <font color=\"#d90000\">NETINKA<\/font><\/th>\n<\/tr>\n<tr>\n<td>&nbsp;<\/td>\n<td bgcolor=\"#c0c0c0\">15 cm<\/td>\n<td bgcolor=\"#c0c0c0\">30 cm<\/td>\n<td bgcolor=\"#c0c0c0\">45 cm<\/td>\n<td bgcolor=\"#c0c0c0\">60 cm<\/td>\n<td bgcolor=\"#c0c0c0\">75 cm<\/td>\n<td bgcolor=\"#c0c0c0\">90 cm<\/td>\n<td bgcolor=\"#c0c0c0\">100 cm<\/td>\n<\/tr>\n<tr>\n<td bgcolor=\"#e0e0e0\">2 litr.<\/td>\n<td><font color=\"#42ac02\">000000<\/font><\/td>\n<td><font color=\"#d90000\">000000<\/font><\/td>\n<td><font color=\"#d90000\">000000<\/font><\/td>\n<td><font color=\"#d90000\">000000<\/font><\/td>\n<td><font color=\"#d90000\">000000<\/font><\/td>\n<td><font color=\"#d90000\">000000<\/font><\/td>\n<td><font color=\"#d90000\">000000<\/font><\/td>\n<\/tr>\n<tr>\n<td bgcolor=\"#e0e0e0\">4 litr.<\/td>\n<td><font color=\"#42ac02\">000000<\/font><\/td>\n<td><font color=\"#42ac02\">000000<\/font><\/td>\n<td><font color=\"#d90000\">000000<\/font><\/td>\n<td><font color=\"#d90000\">000000<\/font><\/td>\n<td><font color=\"#d90000\">000000<\/font><\/td>\n<td><font color=\"#d90000\">000000<\/font><\/td>\n<td><font color=\"#d90000\">000000<\/font><\/td>\n<\/tr>\n<tr>\n<td bgcolor=\"#e0e0e0\">6 litr.<\/td>\n<td><font color=\"#42ac02\">000000<\/font><\/td>\n<td><font color=\"#42ac02\">000000<\/font><\/td>\n<td><font color=\"#42ac02\">000000<\/font><\/td>\n<td><font color=\"#d90000\">000000<\/font><\/td>\n<td><font color=\"#d90000\">000000<\/font><\/td>\n<td><font color=\"#d90000\">000000<\/font><\/td>\n<td><font color=\"#d90000\">000000<\/font><\/td>\n<\/tr>\n<tr>\n<td bgcolor=\"#e0e0e0\">8 litr.<\/td>\n<td><font color=\"#42ac02\">000000<\/font><\/td>\n<td><font color=\"#42ac02\">000000<\/font><\/td>\n<td><font color=\"#42ac02\">000000<\/font><\/td>\n<td><font color=\"#42ac02\">000000<\/font><\/td>\n<td><font color=\"#d90000\">000000<\/font><\/td>\n<td><font color=\"#d90000\">000000<\/font><\/td>\n<td><font color=\"#d90000\">000000<\/font><\/td>\n<\/tr>\n<tr>\n<td bgcolor=\"#e0e0e0\">10 litr.<\/td>\n<td><font color=\"#42ac02\">000000<\/font><\/td>\n<td><font color=\"#42ac02\">000000<\/font><\/td>\n<td><font color=\"#42ac02\">000000<\/font><\/td>\n<td><font color=\"#42ac02\">000000<\/font><\/td>\n<td><font color=\"#42ac02\">000000<\/font><\/td>\n<td><font color=\"#d90000\">000000<\/font><\/td>\n<td><font color=\"#d90000\">000000<\/font><\/td>\n<\/tr>\n<tr>\n<td bgcolor=\"#e0e0e0\">12 litr.<\/td>\n<td><font color=\"#42ac02\">000000<\/font><\/td>\n<td><font color=\"#42ac02\">000000<\/font><\/td>\n<td><font color=\"#42ac02\">000000<\/font><\/td>\n<td><font color=\"#42ac02\">000000<\/font><\/td>\n<td><font color=\"#42ac02\">000000<\/font><\/td>\n<td><font color=\"#42ac02\">000000<\/font><\/td>\n<td><font color=\"#d90000\">000000<\/font><\/td>\n<\/tr>\n<tr>\n<td bgcolor=\"#e0e0e0\">14 litr.<\/td>\n<td><font color=\"#42ac02\">000000<\/font><\/td>\n<td><font color=\"#42ac02\">000000<\/font><\/td>\n<td><font color=\"#42ac02\">000000<\/font><\/td>\n<td><font color=\"#42ac02\">000000<\/font><\/td>\n<td><font color=\"#42ac02\">000000<\/font><\/td>\n<td><font color=\"#42ac02\">000000<\/font><\/td>\n<td><font color=\"#42ac02\">000000<\/font><\/td>\n<\/tr>\n<\/tbody>\n<\/table>\n<p>Naudota literat\u016bra: <a href=\"http:\/\/forums.cannabisculture.com\/forums\/ubbthreads.php?ubb=showflat&amp;Number=1386339\" target=\"_blank\">cannabisculture<\/a> <\/p>\n","protected":false},"excerpt":{"rendered":"<p>Kok\u012f vazon\u0105 naudoti? Jauniems sodinukams nepatariama naudoti molini\u0173 vazon\u0117li\u0173, kadangi jie sugeria dr\u0117gm\u0119. Prakti\u0161kai visoms auginimo stadijoms nuo daiginimo iki \u017eyd\u0117jimo geriausia yra naudoti plastikinius vazonus ar kibirus. Pigu, neu\u017eima vietos, lengva. Tam, kad sutaupytum\u0117te viet\u0105, naudokite kvadratinius vazonus. (kaip paveiksliuke, auk\u0161\u010diau) Kokio dyd\u017eio vazon\u0105 naudoti? Yra viena &#8220;nera\u0161yta&#8221; taisykl\u0117: 1 galonas, per 1 p\u0117d\u0105 [&hellip;]<\/p>\n","protected":false},"author":2,"featured_media":0,"parent":0,"menu_order":0,"comment_status":"open","ping_status":"open","template":"","meta":{"footnotes":""},"class_list":["post-26","page","type-page","status-publish","hentry"],"_links":{"self":[{"href":"https:\/\/www.legalus.net\/kan\/wp-json\/wp\/v2\/pages\/26","targetHints":{"allow":["GET"]}}],"collection":[{"href":"https:\/\/www.legalus.net\/kan\/wp-json\/wp\/v2\/pages"}],"about":[{"href":"https:\/\/www.legalus.net\/kan\/wp-json\/wp\/v2\/types\/page"}],"author":[{"embeddable":true,"href":"https:\/\/www.legalus.net\/kan\/wp-json\/wp\/v2\/users\/2"}],"replies":[{"embeddable":true,"href":"https:\/\/www.legalus.net\/kan\/wp-json\/wp\/v2\/comments?post=26"}],"version-history":[{"count":7,"href":"https:\/\/www.legalus.net\/kan\/wp-json\/wp\/v2\/pages\/26\/revisions"}],"predecessor-version":[{"id":38,"href":"https:\/\/www.legalus.net\/kan\/wp-json\/wp\/v2\/pages\/26\/revisions\/38"}],"wp:attachment":[{"href":"https:\/\/www.legalus.net\/kan\/wp-json\/wp\/v2\/media?parent=26"}],"curies":[{"name":"wp","href":"https:\/\/api.w.org\/{rel}","templated":true}]}}