{"id":290,"date":"2015-11-09T01:36:14","date_gmt":"2015-11-08T23:36:14","guid":{"rendered":"https:\/\/www.legalus.net\/kan\/?page_id=290"},"modified":"2015-11-09T01:36:14","modified_gmt":"2015-11-08T23:36:14","slug":"indian-bhang","status":"publish","type":"page","link":"https:\/\/www.legalus.net\/kan\/indian-bhang","title":{"rendered":"Indian bhang"},"content":{"rendered":"<p>Indijoje ir Vidurio Rytuose populiarus g\u0117rimas i\u0161 kanapi\u0173.<\/p>\n<p>Reik\u0117s:<\/p>\n<p>3,5g sviesto;<br \/>\n2 stiklini\u0173 pieno (425ml);<br \/>\n1-2 gram\u0173 ha\u0161i\u0161o arba marihuanos;<br \/>\n\u017eiupsnelio prieskoni\u0173.<\/p>\n<p>Gaminimas:<\/p>\n<p>Sviest\u0105 i\u0161lydykite keptuv\u0117l\u0117je ir suberkite kanapi\u0173 produkt\u0105. Pakaitinkite apie minut\u0119 ant ma\u017eos ugnies ir supilkite pien\u0105. Gaut\u0105 mi\u0161in\u012f kaitinkite ant ma\u017eos ugnies iki u\u017evirs, tada sud\u0117kite prieskonius, cinamon\u0105 ir mu\u0161kato rie\u0161ut\u0105. Jeigu m\u0117gstate sald\u017eiai, galite \u012fd\u0117ti truput\u012f medaus.<\/p>\n<p>Jeigu norite stipresnio g\u0117rimo, \u012fpilkite truput\u012f degtin\u0117s.<\/p>\n<p>Vietoj pieno galite naudoti obuoli\u0173 sultis, o dar geriau &#8211; obuoli\u0173 sidr\u0105.<\/p>\n<p>Parengta pagal:<br \/>\nEric &#8220;Cannabis for Lunch&#8221; &#8211; United Kingdom, 2000. &#8211; 32p.<\/p>\n","protected":false},"excerpt":{"rendered":"<p>Indijoje ir Vidurio Rytuose populiarus g\u0117rimas i\u0161 kanapi\u0173. Reik\u0117s: 3,5g sviesto; 2 stiklini\u0173 pieno (425ml); 1-2 gram\u0173 ha\u0161i\u0161o arba marihuanos; \u017eiupsnelio prieskoni\u0173. Gaminimas: Sviest\u0105 i\u0161lydykite keptuv\u0117l\u0117je ir suberkite kanapi\u0173 produkt\u0105. Pakaitinkite apie minut\u0119 ant ma\u017eos ugnies ir supilkite pien\u0105. Gaut\u0105 mi\u0161in\u012f kaitinkite ant ma\u017eos ugnies iki u\u017evirs, tada sud\u0117kite prieskonius, cinamon\u0105 ir mu\u0161kato rie\u0161ut\u0105. Jeigu [&hellip;]<\/p>\n","protected":false},"author":2,"featured_media":0,"parent":0,"menu_order":0,"comment_status":"closed","ping_status":"closed","template":"","meta":{"footnotes":""},"class_list":["post-290","page","type-page","status-publish","hentry"],"_links":{"self":[{"href":"https:\/\/www.legalus.net\/kan\/wp-json\/wp\/v2\/pages\/290","targetHints":{"allow":["GET"]}}],"collection":[{"href":"https:\/\/www.legalus.net\/kan\/wp-json\/wp\/v2\/pages"}],"about":[{"href":"https:\/\/www.legalus.net\/kan\/wp-json\/wp\/v2\/types\/page"}],"author":[{"embeddable":true,"href":"https:\/\/www.legalus.net\/kan\/wp-json\/wp\/v2\/users\/2"}],"replies":[{"embeddable":true,"href":"https:\/\/www.legalus.net\/kan\/wp-json\/wp\/v2\/comments?post=290"}],"version-history":[{"count":1,"href":"https:\/\/www.legalus.net\/kan\/wp-json\/wp\/v2\/pages\/290\/revisions"}],"predecessor-version":[{"id":291,"href":"https:\/\/www.legalus.net\/kan\/wp-json\/wp\/v2\/pages\/290\/revisions\/291"}],"wp:attachment":[{"href":"https:\/\/www.legalus.net\/kan\/wp-json\/wp\/v2\/media?parent=290"}],"curies":[{"name":"wp","href":"https:\/\/api.w.org\/{rel}","templated":true}]}}