{"id":294,"date":"2015-11-09T01:37:46","date_gmt":"2015-11-08T23:37:46","guid":{"rendered":"https:\/\/www.legalus.net\/kan\/?page_id=294"},"modified":"2015-11-09T01:37:46","modified_gmt":"2015-11-08T23:37:46","slug":"omletas-su-kanapemis","status":"publish","type":"page","link":"https:\/\/www.legalus.net\/kan\/omletas-su-kanapemis","title":{"rendered":"Omletas su kanap\u0117mis"},"content":{"rendered":"<p>4-6 porcijoms reik\u0117s:<\/p>\n<p>~230g kiaulienos de\u0161ros;<br \/>\n~230g \u017ealio sviesto;<br \/>\n2 vidutinio dyd\u017eio supjaustyt\u0173 bulvi\u0173;<br \/>\n1 smulkiai supjaustyto svog\u016bno;<br \/>\n1 supjaustytos \u017ealios sald\u017eiosios paprikos;<br \/>\n8 kiau\u0161ini\u0173;<br \/>\n~60g tarkuoto lydyto s\u016brio.<\/p>\n<p>Gaminimas:<\/p>\n<p>De\u0161r\u0105 supjaustykite riekel\u0117mis ir pakepinkite. Kai apskrus, nuvarvinkit riebalus ir pasid\u0117kit \u012f \u0161al\u012f &#8211; prireiks v\u0117liau. \u017dali\u0105 sviest\u0105 kaitinkite didel\u0117je keptuv\u0117je ant vidutin\u0117s ugnies iki jis i\u0161silydys, bet neprad\u0117s r\u016bkti. Sud\u0117kite bulves ir kepkite iki jos sumink\u0161t\u0117s ir prad\u0117s rusti. Tada sud\u0117kite svog\u016bn\u0105 bei paprik\u0105 ir kepinkite iki jie sumink\u0161t\u0117s. \u012emu\u0161kite kiau\u0161inius, i\u0161mai\u0161ykite, ir kepkite mai\u0161ant iki kiau\u0161iniai i\u0161keps. U\u017ed\u0117kite de\u0161ros riekeles ir u\u017ebarstykite s\u016brio. Patiekite kar\u0161t\u0105.<\/p>\n<p>Parengta pagal:<br \/>\nDan D. Lyon &#8220;Gourmet Cannabis Cookery: The High Art of Marijuana Cuisine&#8221; &#8211; Loompanics Unlimited, 1999. &#8211; 17p.<\/p>\n","protected":false},"excerpt":{"rendered":"<p>4-6 porcijoms reik\u0117s: ~230g kiaulienos de\u0161ros; ~230g \u017ealio sviesto; 2 vidutinio dyd\u017eio supjaustyt\u0173 bulvi\u0173; 1 smulkiai supjaustyto svog\u016bno; 1 supjaustytos \u017ealios sald\u017eiosios paprikos; 8 kiau\u0161ini\u0173; ~60g tarkuoto lydyto s\u016brio. Gaminimas: De\u0161r\u0105 supjaustykite riekel\u0117mis ir pakepinkite. Kai apskrus, nuvarvinkit riebalus ir pasid\u0117kit \u012f \u0161al\u012f &#8211; prireiks v\u0117liau. \u017dali\u0105 sviest\u0105 kaitinkite didel\u0117je keptuv\u0117je ant vidutin\u0117s ugnies iki [&hellip;]<\/p>\n","protected":false},"author":2,"featured_media":0,"parent":0,"menu_order":0,"comment_status":"closed","ping_status":"closed","template":"","meta":{"footnotes":""},"class_list":["post-294","page","type-page","status-publish","hentry"],"_links":{"self":[{"href":"https:\/\/www.legalus.net\/kan\/wp-json\/wp\/v2\/pages\/294","targetHints":{"allow":["GET"]}}],"collection":[{"href":"https:\/\/www.legalus.net\/kan\/wp-json\/wp\/v2\/pages"}],"about":[{"href":"https:\/\/www.legalus.net\/kan\/wp-json\/wp\/v2\/types\/page"}],"author":[{"embeddable":true,"href":"https:\/\/www.legalus.net\/kan\/wp-json\/wp\/v2\/users\/2"}],"replies":[{"embeddable":true,"href":"https:\/\/www.legalus.net\/kan\/wp-json\/wp\/v2\/comments?post=294"}],"version-history":[{"count":1,"href":"https:\/\/www.legalus.net\/kan\/wp-json\/wp\/v2\/pages\/294\/revisions"}],"predecessor-version":[{"id":295,"href":"https:\/\/www.legalus.net\/kan\/wp-json\/wp\/v2\/pages\/294\/revisions\/295"}],"wp:attachment":[{"href":"https:\/\/www.legalus.net\/kan\/wp-json\/wp\/v2\/media?parent=294"}],"curies":[{"name":"wp","href":"https:\/\/api.w.org\/{rel}","templated":true}]}}