{"id":297,"date":"2015-11-09T01:39:31","date_gmt":"2015-11-08T23:39:31","guid":{"rendered":"https:\/\/www.legalus.net\/kan\/?page_id=297"},"modified":"2015-11-09T01:39:31","modified_gmt":"2015-11-08T23:39:31","slug":"hasty-pudding","status":"publish","type":"page","link":"https:\/\/www.legalus.net\/kan\/hasty-pudding","title":{"rendered":"Hasty pudding"},"content":{"rendered":"<p>\u0160is ko\u0161el\u0117s receptas kildinamas i\u0161 senov\u0117s Kinijos.<\/p>\n<p>Dviems asmenis reik\u0117s:<\/p>\n<p>~113g kanapi\u0173 s\u0117kl\u0173;<br \/>\n2 puoduk\u0173 vandens;<br \/>\n1-2g ha\u0161i\u0161o ar marihuanos;<br \/>\npieno;<br \/>\nmedaus.<\/p>\n<p>Gaminimas:<\/p>\n<p>Vis\u0173 pirma pamirkykite arba pakepinkite ir labai smulkiai sumalkite s\u0117klas. Jas supilkite \u012f puod\u0105, u\u017epilkite vandeniu, ir u\u017evirkite ant ma\u017eos ugnies. Sud\u0117kite kanapi\u0173 produkt\u0105 ir pavirkite 10 minu\u010di\u0173. Supilkite pien\u0105 ir \u012fd\u0117kite medaus. Nepamir\u0161kite mai\u0161yti:P<\/p>\n<p>Jei nenorite, ha\u0161i\u0161o ar marihuanos galite ned\u0117ti.<\/p>\n<p>Parengta pagal:<br \/>\nEric &#8220;Cannabis for Lunch&#8221; &#8211; United Kingdom, 2000. &#8211; 33p.<\/p>\n","protected":false},"excerpt":{"rendered":"<p>\u0160is ko\u0161el\u0117s receptas kildinamas i\u0161 senov\u0117s Kinijos. Dviems asmenis reik\u0117s: ~113g kanapi\u0173 s\u0117kl\u0173; 2 puoduk\u0173 vandens; 1-2g ha\u0161i\u0161o ar marihuanos; pieno; medaus. Gaminimas: Vis\u0173 pirma pamirkykite arba pakepinkite ir labai smulkiai sumalkite s\u0117klas. Jas supilkite \u012f puod\u0105, u\u017epilkite vandeniu, ir u\u017evirkite ant ma\u017eos ugnies. Sud\u0117kite kanapi\u0173 produkt\u0105 ir pavirkite 10 minu\u010di\u0173. Supilkite pien\u0105 ir \u012fd\u0117kite [&hellip;]<\/p>\n","protected":false},"author":2,"featured_media":0,"parent":0,"menu_order":0,"comment_status":"closed","ping_status":"closed","template":"","meta":{"footnotes":""},"class_list":["post-297","page","type-page","status-publish","hentry"],"_links":{"self":[{"href":"https:\/\/www.legalus.net\/kan\/wp-json\/wp\/v2\/pages\/297","targetHints":{"allow":["GET"]}}],"collection":[{"href":"https:\/\/www.legalus.net\/kan\/wp-json\/wp\/v2\/pages"}],"about":[{"href":"https:\/\/www.legalus.net\/kan\/wp-json\/wp\/v2\/types\/page"}],"author":[{"embeddable":true,"href":"https:\/\/www.legalus.net\/kan\/wp-json\/wp\/v2\/users\/2"}],"replies":[{"embeddable":true,"href":"https:\/\/www.legalus.net\/kan\/wp-json\/wp\/v2\/comments?post=297"}],"version-history":[{"count":1,"href":"https:\/\/www.legalus.net\/kan\/wp-json\/wp\/v2\/pages\/297\/revisions"}],"predecessor-version":[{"id":298,"href":"https:\/\/www.legalus.net\/kan\/wp-json\/wp\/v2\/pages\/297\/revisions\/298"}],"wp:attachment":[{"href":"https:\/\/www.legalus.net\/kan\/wp-json\/wp\/v2\/media?parent=297"}],"curies":[{"name":"wp","href":"https:\/\/api.w.org\/{rel}","templated":true}]}}