{"id":299,"date":"2015-11-09T01:39:56","date_gmt":"2015-11-08T23:39:56","guid":{"rendered":"https:\/\/www.legalus.net\/kan\/?page_id=299"},"modified":"2015-11-09T01:39:56","modified_gmt":"2015-11-08T23:39:56","slug":"blyneliai-su-kanapemis","status":"publish","type":"page","link":"https:\/\/www.legalus.net\/kan\/blyneliai-su-kanapemis","title":{"rendered":"Blyneliai su kanap\u0117mis"},"content":{"rendered":"<p>Reik\u0117s:<\/p>\n<p>1,25 puodelio milt\u0173;<br \/>\n2,5 arbatini\u0173 \u0161auk\u0161teli\u0173 kepimo milteli\u0173;<br \/>\n2 valgom\u0173j\u0173 \u0161auk\u0161t\u0173 cukraus;<br \/>\nketvir\u010dio arbatinio \u0161auk\u0161telio druskos;<br \/>\n1,25 puodelio pieno;<br \/>\nketvir\u010dio puodelio lydyto \u017ealio sviesto.<\/p>\n<p>Gaminimas:<\/p>\n<p>Ant silpnos ugnies \u012fkaitinkite keptuv\u0119. Visus sausus ingredientus persijokite \u012f vien\u0105 duben\u012f. I\u0161plakite pien\u0105 su \u017ealiuoju sviestu. Supilkite \u012f i\u0161sijotus miltus ir mai\u0161ykite iki gausite vientis\u0105, \u0161iek tiek gumbuot\u0105 mas\u0119.<\/p>\n<p>Kai keptuv\u0117 \u012fkais, i\u0161tepkite j\u0105 trupu\u010diu \u017ealio sviesto ir kepkite blynelius. Kai blyneli\u0173 pavir\u0161ius pasidengs susprogusiais burbuliukais, o apa\u010dia taps auksinio atspalvio, apverskite juos ir leiskite kitai pusei apkept iki auksin\u0117s spalvos. Patiekite su klev\u0173 sirupu.<\/p>\n<p>Vietoj pieno galima naudoti pasukas. Tik tuomet \u012f pasuk\u0173\/\u017ealio sviesto mi\u0161in\u012f reikia \u012fplakti kiau\u0161in\u012f ir imti 1,5 puodelio milt\u0173.<\/p>\n<p>Parengta pagal:<br \/>\nDan D. Lyon &#8220;Gourmet Cannabis Cookery: The High Art of Marijuana Cuisine&#8221; &#8211; Loompanics Unlimited, 1999. &#8211; 19p.<\/p>\n","protected":false},"excerpt":{"rendered":"<p>Reik\u0117s: 1,25 puodelio milt\u0173; 2,5 arbatini\u0173 \u0161auk\u0161teli\u0173 kepimo milteli\u0173; 2 valgom\u0173j\u0173 \u0161auk\u0161t\u0173 cukraus; ketvir\u010dio arbatinio \u0161auk\u0161telio druskos; 1,25 puodelio pieno; ketvir\u010dio puodelio lydyto \u017ealio sviesto. Gaminimas: Ant silpnos ugnies \u012fkaitinkite keptuv\u0119. Visus sausus ingredientus persijokite \u012f vien\u0105 duben\u012f. I\u0161plakite pien\u0105 su \u017ealiuoju sviestu. Supilkite \u012f i\u0161sijotus miltus ir mai\u0161ykite iki gausite vientis\u0105, \u0161iek tiek gumbuot\u0105 [&hellip;]<\/p>\n","protected":false},"author":2,"featured_media":0,"parent":0,"menu_order":0,"comment_status":"closed","ping_status":"closed","template":"","meta":{"footnotes":""},"class_list":["post-299","page","type-page","status-publish","hentry"],"_links":{"self":[{"href":"https:\/\/www.legalus.net\/kan\/wp-json\/wp\/v2\/pages\/299","targetHints":{"allow":["GET"]}}],"collection":[{"href":"https:\/\/www.legalus.net\/kan\/wp-json\/wp\/v2\/pages"}],"about":[{"href":"https:\/\/www.legalus.net\/kan\/wp-json\/wp\/v2\/types\/page"}],"author":[{"embeddable":true,"href":"https:\/\/www.legalus.net\/kan\/wp-json\/wp\/v2\/users\/2"}],"replies":[{"embeddable":true,"href":"https:\/\/www.legalus.net\/kan\/wp-json\/wp\/v2\/comments?post=299"}],"version-history":[{"count":1,"href":"https:\/\/www.legalus.net\/kan\/wp-json\/wp\/v2\/pages\/299\/revisions"}],"predecessor-version":[{"id":300,"href":"https:\/\/www.legalus.net\/kan\/wp-json\/wp\/v2\/pages\/299\/revisions\/300"}],"wp:attachment":[{"href":"https:\/\/www.legalus.net\/kan\/wp-json\/wp\/v2\/media?parent=299"}],"curies":[{"name":"wp","href":"https:\/\/api.w.org\/{rel}","templated":true}]}}