{"id":30,"date":"2013-06-05T01:56:16","date_gmt":"2013-06-04T23:56:16","guid":{"rendered":"http:\/\/www.legalus.net\/kan\/?page_id=30"},"modified":"2013-06-06T19:32:56","modified_gmt":"2013-06-06T17:32:56","slug":"substratas-zeme-dirvozemis-misiniai","status":"publish","type":"page","link":"https:\/\/www.legalus.net\/kan\/substratas-zeme-dirvozemis-misiniai","title":{"rendered":"Substratas (\u017eem\u0117, dirvo\u017eemis, mi\u0161iniai&#8230;)"},"content":{"rendered":"<p><center><img decoding=\"async\" class=\"both\" src=\"img\/zemes\/substratas.jpg\" alt=\"substratas\" width=\"350px\"><\/p>\n<p><\/center><br \/>\n<i>Substratas \u2013 med\u017eiaga ir\/ar pavir\u0161ius, kurioje ar ant kurios auga organizmas. Augalams substratas b\u016bna dirvo\u017eemis. Dirbtinai auginamiems augalams substratas yra specialiai paruo\u0161tas mi\u0161inys.<\/i><\/p>\n<p>Kadangi mes kalb\u0117sime tik apie kanap\u0119, substratu mes vadinsime \u012fvairi\u0173 komponent\u0173 mi\u0161in\u012f (\u017eem\u0117s, perlitas, vermikulitas t.t&#8230;)<\/p>\n<p>Mi\u0161inys kuriame auginama kanap\u0117 &#8211; tai vienas i\u0161 svarbiausi\u0173 fakt\u0173, kuris nulemia augalo augim\u0105. Nors i\u0161 pirmo \u017evilgsnio atrodo labai paprastas dalykas, i\u0161 tikro &#8220;Substratas&#8221; yra gana sud\u0117tinga tema.<\/p>\n<p>Kokias \u017eemes naudoti? K\u0105 d\u0117ti \u012f mi\u0161in\u012f? Kaip tinkamai paruo\u0161ti?<br \/>\n<br \/>Atsakymai \u010dia:<\/p>\n<h3>Substrato sud\u0117tis<\/h3>\n<p>Tradicinis substratas turi pagrindinius penkis komponentus:<\/p>\n<ul>\n<li>Oras<\/li>\n<li>Vanduo<\/li>\n<li>Mineralin\u0117s med\u017eiagos<\/li>\n<li>Organin\u0117s med\u017eiagos<\/li>\n<li>Dirvo\u017eemio biologija (gyvieji organizmai)<\/li>\n<\/ul>\n<p><center><br \/><img decoding=\"async\" class=\"both\" src=\"img\/zemes\/soil.jpg\" alt=\"Substratas\"><\/p>\n<p><\/center><\/p>\n<h5>Oras<\/h5>\n<p>Oras yra dujine substrato dalis, kuri n\u0117ra nei skysta, nei kieta. Oras u\u017eima apie 25 % bet kokio substrato.<\/p>\n<h5>Vanduo<\/h5>\n<p>Vanduo yra skystoji substrato dalis. Substrato vanduo turi savyje i\u0161tirpusias druskas ir chemines med\u017eiagas (Jon\u0173 formoje), tod\u0117l jie laisvai plaukioja ir neprisijungia prie kiet\u0173j\u0173 daleli\u0173 (mineral\u0173 pavir\u0161i\u0173). Vanduo taip pat u\u017eima apie 25% viso dirvo\u017eemio.<br \/>\n<center><br \/><img decoding=\"async\" class=\"both\" src=\"img\/zemes\/vanduo.jpg\" alt=\"Vanduo\" width=\"350px\"><br \/><\/center><\/p>\n<h5>Mineralin\u0117s med\u017eiagos<\/h5>\n<p>Mineralin\u0117s med\u017eiagos susidaro i\u0161 \u012fvairaus sm\u0117lio, dumbli\u0173 ir molio. \u0160ie mineralai gauti ne i\u0161 gyv\u0173j\u0173 organizm\u0173, o tai rei\u0161kia, kad \u0161ie mineralai yra neorganiniai. Mineralini\u0173 med\u017eiag\u0173 savyb\u0117s daro labai didel\u0119 \u012ftak\u0105 substratui, tod\u0117l jas reikia tinkamai sureguliuoti.<br \/>\n<center><br \/><img decoding=\"async\" class=\"both\" src=\"img\/zemes\/mineralai.jpg\" alt=\"Mineralin\u0117s med\u017eiagos\" width=\"350px\"><br \/><\/center><\/p>\n<h5>Sm\u0117lis<\/h5>\n<p>Sm\u0117lis da\u017eniausiai yra labai smulk\u016bs akmenukai ir kietieji mineralai, tokie kaip kvarcas. Sm\u0117lyje yra maisting\u0173 med\u017eiag\u0173, reikaling\u0173 augalams. Sm\u0117lio gr\u016bdeliai yra did\u017eiausi i\u0161 vis\u0173 i\u0161vardint\u0173 mineralini\u0173 med\u017eiag\u0173 komponent\u0173 ir atlieka \u0161iuos veiksnius:<\/p>\n<ul>\n<li>Gerina drena\u017e\u0105 (Drena\u017eas &#8211; sausinimas. Arba kitaip &#8211; vandens pertekliaus sug\u0117rimas.).<\/li>\n<li>Gerina aeracij\u0105 \/ ventiliacij\u0105 (Padeda \u0161aknims lengviau gauti deguonies.).<\/li>\n<li>Padidina byrum\u0105 (i\u0161saus\u0117jus substratui jis nesukiet\u0117ja, o prad\u0117jus drekinti, &#8211; nesulimpa \u012f gu\u017eulus.).<\/li>\n<\/ul>\n<p><center><img decoding=\"async\" class=\"both\" src=\"img\/zemes\/smelis.jpg\" alt=\"Sm\u0117lis\" width=\"350px\"><br \/><\/center><\/p>\n<h5>Dumblas<\/h5>\n<p>Tai smulkios, mink\u0161tos nuos\u0117dos vandens basein\u0173 dugne ir \u017eem\u0117s pavir\u0161iuje; dirvo\u017eemio ir dirvodarini\u0173 uolien\u0173 granuliometrinis elementas. Kaip ir sm\u0117lyje, dumble gausu maistini\u0173 med\u017eiag\u0173 kurie reikalingi augalams. Dumblo granul\u0117s yra smulkesn\u0117s u\u017e sm\u0117lio, ta\u010diau stambesn\u0117s u\u017e molio.<br \/>\n<center><br \/><img decoding=\"async\" class=\"both\" src=\"img\/zemes\/dumblas.jpg\" alt=\"Dumblas\" width=\"350px\"><br \/><\/center><\/p>\n<h5>Molis<\/h5>\n<p>Molyje yra aliuminio silikato mineral\u0173 ir \u012fvairiausi\u0173 r\u016b\u0161i\u0173 maistini\u0173 med\u017eiag\u0173, labai svarbi\u0173 augalams toki\u0173 kaip kalis, kalcis, magnis, gele\u017eis ir kt. Nema\u017eai nat\u016brali\u0173 tr\u0105\u0161\u0173 augalas gali pasisavinti b\u016btent i\u0161 molio.<\/p>\n<p>Molio dalel\u0117s yra ma\u017eiausios i\u0161 vis\u0173 mineralini\u0173 med\u017eiag\u0173 komponent\u0173. Tai n\u0117ra gera savyb\u0117, ta\u010diau ji kartu ir naudinga, nes leid\u017eia mineralin\u0117ms med\u017eiagoms ilgiau i\u0161likti substrate, ir neb\u016bti i\u0161plautoms kartu su vandeniu.<\/p>\n<p>Mol\u012f reikia naudoti labai atsargiai, nes jo padauginus substratas praranda drena\u017e\u0105, aeracij\u0105, byrum\u0105<br \/>\n<center><br \/><img decoding=\"async\" class=\"both\" src=\"img\/zemes\/molis.jpg\" alt=\"Molis\" width=\"350px\"><br \/><\/center><\/p>\n<h5>Organin\u0117s med\u017eiagos<\/h5>\n<p>Tai augal\u0173 ir gyvun\u0173 liekanos \u012fvairiose irimo stadijose. Taip pat daugyb\u0119 l\u0105steli\u0173 ir substrato organizmo audini\u0173, taip pat med\u017eiagos, sintetintos augal\u0173 \u0161akn\u0173 ar \u017eem\u0117s mikroorganizm\u0173.<\/p>\n<p>Organin\u0117s med\u017eiagos sudaro ma\u017edaug 5% viso substrato. Nepaisant \u0161ios ma\u017eos proporcijos, organin\u0117s med\u017eiagos turi didel\u0119 \u012ftak\u0105 augalui. Organin\u0117s med\u017eiagos da\u017eniausiai b\u016bna humuso (p\u016bv\u0117sio, juod\u017eemio) formoje, tai pusiau suirusi organin\u0117 med\u017eiaga, kuri tapo trapi ir tamsios spalvos, ir labai l\u0117tai t\u0119sia savo \u012frim\u0105 toliau.<br \/>\n<center><br \/><img decoding=\"async\" class=\"both\" src=\"img\/zemes\/organines_medziagos.jpg\" alt=\"Organin\u0117s med\u017eiagos\" width=\"350px\"><br \/><\/center><\/p>\n<h5>Dirvo\u017eemio biologija (gyvieji organizmai)<\/h5>\n<p>I\u0161 ties\u0173 tai n\u0117ra &#8220;komponentas&#8221; tiesiogine prasme turintis mineralini\u0173 med\u017eiag\u0173, ta\u010diau jie atlieka did\u017eiul\u012f vaidmen\u012f substrate. Dirvo\u017eemio biologij\u0105 apima mikroorganizmus, kirminus ir kitus substrate esan\u010dius gyvuosius organizmus, kurie padeda organini\u0173 ir neorganini\u0173 med\u017eiag\u0173 patekimui \u012f substrat\u0105. Jei mes \u012f substrat\u0105 \u017ei\u016br\u0117sime kaip Ge\u0161taltas (pavidalas, form\u0105) &#8211; b\u016btinai prival\u0117sime prid\u0117ti ir dirvo\u017eemio biologij\u0105.<br \/>\n<center><br \/><img decoding=\"async\" src=\"img\/zemes\/biology.gif\" alt=\"Dirvo\u017eemio biologija\" width=\"350px\"><br \/><\/center><\/p>\n<h3>pH<\/h3>\n<p>pH yra matuojama pagal skal\u0119 nuo 1.0 iki 14.0. Grynas vanduo turi pH 7.0 ir tai laikoma, kad pH yra neutralus. pH kurios yra \u017eemiau 7.0 vadinamas r\u016bg\u0161tiniu, o pH kuris yra didesnis u\u017e 7.0 &#8211; vadinamas \u0161arminiu.<\/p>\n<p>Med\u017eiaga, kuri ma\u017eina pH, vadinama <i>r\u016bg\u0161timi<\/i>, o med\u017eiaga kuri didina pH, vadinama <i>baze<\/i><\/p>\n<p>Jei pH skirtumas 1.0 , skaitoma, kad pH padid\u0117jo, ar pama\u017e\u0117jo 10 kart\u0173.<br \/>\nJei pH skirtumas 2.0 , skaitoma, kad pH padid\u0117jo, ar pama\u017e\u0117jo 100 kart\u0173.<\/p>\n<p>Auginant kanap\u0119, labai svarbu i\u0161laikyti pH lyg\u012f tam tikrose ribose. Net auginant pirm\u0105 kart\u0105 reik\u0117t\u0173 kontroliuoti pH, ir nuolat j\u012f daryti optimaliu (kuo tinkamesniu).<\/p>\n<p>Jei pH bus netinkamas, augalas sulet\u0117s, arba i\u0161 vis nustos aug\u0119s.<\/p>\n<p><b>\u017dem\u0117s, kuriose auga kanap\u0117, pH turi b\u016bti tarp 6.5 ir 7.0 (beveik neutralus)<\/b><\/p>\n","protected":false},"excerpt":{"rendered":"<p>Substratas \u2013 med\u017eiaga ir\/ar pavir\u0161ius, kurioje ar ant kurios auga organizmas. Augalams substratas b\u016bna dirvo\u017eemis. Dirbtinai auginamiems augalams substratas yra specialiai paruo\u0161tas mi\u0161inys. Kadangi mes kalb\u0117sime tik apie kanap\u0119, substratu mes vadinsime \u012fvairi\u0173 komponent\u0173 mi\u0161in\u012f (\u017eem\u0117s, perlitas, vermikulitas t.t&#8230;) Mi\u0161inys kuriame auginama kanap\u0117 &#8211; tai vienas i\u0161 svarbiausi\u0173 fakt\u0173, kuris nulemia augalo augim\u0105. Nors i\u0161 [&hellip;]<\/p>\n","protected":false},"author":2,"featured_media":0,"parent":0,"menu_order":0,"comment_status":"open","ping_status":"open","template":"","meta":{"footnotes":""},"class_list":["post-30","page","type-page","status-publish","hentry"],"_links":{"self":[{"href":"https:\/\/www.legalus.net\/kan\/wp-json\/wp\/v2\/pages\/30","targetHints":{"allow":["GET"]}}],"collection":[{"href":"https:\/\/www.legalus.net\/kan\/wp-json\/wp\/v2\/pages"}],"about":[{"href":"https:\/\/www.legalus.net\/kan\/wp-json\/wp\/v2\/types\/page"}],"author":[{"embeddable":true,"href":"https:\/\/www.legalus.net\/kan\/wp-json\/wp\/v2\/users\/2"}],"replies":[{"embeddable":true,"href":"https:\/\/www.legalus.net\/kan\/wp-json\/wp\/v2\/comments?post=30"}],"version-history":[{"count":8,"href":"https:\/\/www.legalus.net\/kan\/wp-json\/wp\/v2\/pages\/30\/revisions"}],"predecessor-version":[{"id":162,"href":"https:\/\/www.legalus.net\/kan\/wp-json\/wp\/v2\/pages\/30\/revisions\/162"}],"wp:attachment":[{"href":"https:\/\/www.legalus.net\/kan\/wp-json\/wp\/v2\/media?parent=30"}],"curies":[{"name":"wp","href":"https:\/\/api.w.org\/{rel}","templated":true}]}}