{"id":303,"date":"2015-11-09T01:40:52","date_gmt":"2015-11-08T23:40:52","guid":{"rendered":"https:\/\/www.legalus.net\/kan\/?page_id=303"},"modified":"2015-11-09T01:40:52","modified_gmt":"2015-11-08T23:40:52","slug":"prancuziski-skrebuciai","status":"publish","type":"page","link":"https:\/\/www.legalus.net\/kan\/prancuziski-skrebuciai","title":{"rendered":"Pranc\u016bzi\u0161ki skrebu\u010diai"},"content":{"rendered":"<p>Geriausiai gaminti i\u0161 storai pjaustyt\u0173 su\u017eied\u0117jusi\u0173 baltos duonos rieki\u0173<\/p>\n<p>4-6 porcijoms reik\u0117s:<\/p>\n<p>2 kiau\u0161ini\u0173;<br \/>\n1,5 puodelio pieno;<br \/>\n2 valgom\u0173j\u0173 \u0161auk\u0161t\u0173 cukraus;<br \/>\npus\u0117s arbatinio \u0161auk\u0161telio cinamono;<br \/>\n1 valgomojo \u0161auk\u0161to vanil\u0117s;<br \/>\nketvir\u010dio puodelio ir vieno valgomojo \u0161auk\u0161to lydyto \u017ealio sviesto.<\/p>\n<p>Gaminimas:<\/p>\n<p>Kartu i\u0161plakite kiau\u0161inius, pien\u0105, cukr\u0173, cinamon\u0105 ir vanil\u0119. \u012e gaut\u0105 mas\u0119 \u012fmai\u0161ykite \u017eali\u0105j\u012f sviest\u0105 (patogiausia b\u016bt\u0173 visk\u0105 i\u0161plakti elektriniu mikseriu). I\u0161mirkykite kiekvien\u0105 duonos riek\u0119 gautame mi\u0161inyje. \u012ekaitinkite keptuv\u0119 ir i\u0161tepkite j\u0105 valgomuoju \u0161auk\u0161tu \u017ealio sviesto. Kepkite. Patiekite su kar\u0161tu klev\u0173 sirupu.<\/p>\n<p>Parengta pagal:<br \/>\nDan D. Lyon &#8220;Gourmet Cannabis Cookery: The High Art of Marijuana Cuisine&#8221; &#8211; Loompanics Unlimited, 1999. &#8211; 21p.<\/p>\n","protected":false},"excerpt":{"rendered":"<p>Geriausiai gaminti i\u0161 storai pjaustyt\u0173 su\u017eied\u0117jusi\u0173 baltos duonos rieki\u0173 4-6 porcijoms reik\u0117s: 2 kiau\u0161ini\u0173; 1,5 puodelio pieno; 2 valgom\u0173j\u0173 \u0161auk\u0161t\u0173 cukraus; pus\u0117s arbatinio \u0161auk\u0161telio cinamono; 1 valgomojo \u0161auk\u0161to vanil\u0117s; ketvir\u010dio puodelio ir vieno valgomojo \u0161auk\u0161to lydyto \u017ealio sviesto. Gaminimas: Kartu i\u0161plakite kiau\u0161inius, pien\u0105, cukr\u0173, cinamon\u0105 ir vanil\u0119. \u012e gaut\u0105 mas\u0119 \u012fmai\u0161ykite \u017eali\u0105j\u012f sviest\u0105 (patogiausia b\u016bt\u0173 [&hellip;]<\/p>\n","protected":false},"author":2,"featured_media":0,"parent":0,"menu_order":0,"comment_status":"closed","ping_status":"closed","template":"","meta":{"footnotes":""},"class_list":["post-303","page","type-page","status-publish","hentry"],"_links":{"self":[{"href":"https:\/\/www.legalus.net\/kan\/wp-json\/wp\/v2\/pages\/303","targetHints":{"allow":["GET"]}}],"collection":[{"href":"https:\/\/www.legalus.net\/kan\/wp-json\/wp\/v2\/pages"}],"about":[{"href":"https:\/\/www.legalus.net\/kan\/wp-json\/wp\/v2\/types\/page"}],"author":[{"embeddable":true,"href":"https:\/\/www.legalus.net\/kan\/wp-json\/wp\/v2\/users\/2"}],"replies":[{"embeddable":true,"href":"https:\/\/www.legalus.net\/kan\/wp-json\/wp\/v2\/comments?post=303"}],"version-history":[{"count":1,"href":"https:\/\/www.legalus.net\/kan\/wp-json\/wp\/v2\/pages\/303\/revisions"}],"predecessor-version":[{"id":304,"href":"https:\/\/www.legalus.net\/kan\/wp-json\/wp\/v2\/pages\/303\/revisions\/304"}],"wp:attachment":[{"href":"https:\/\/www.legalus.net\/kan\/wp-json\/wp\/v2\/media?parent=303"}],"curies":[{"name":"wp","href":"https:\/\/api.w.org\/{rel}","templated":true}]}}