{"id":305,"date":"2015-11-09T01:41:22","date_gmt":"2015-11-08T23:41:22","guid":{"rendered":"https:\/\/www.legalus.net\/kan\/?page_id=305"},"modified":"2015-11-09T01:41:22","modified_gmt":"2015-11-08T23:41:22","slug":"vafliai-su-kanapemis","status":"publish","type":"page","link":"https:\/\/www.legalus.net\/kan\/vafliai-su-kanapemis","title":{"rendered":"Vafliai su kanap\u0117mis"},"content":{"rendered":"<p>6-8 porcijoms reik\u0117s:<\/p>\n<p>2 puodeli\u0173 milt\u0173;<br \/>\n3 arbatini\u0173 \u0161auk\u0161teli\u0173 kepimo milteli\u0173;<br \/>\n1 arbatinio \u0161auk\u0161telio kepimo sodos;<br \/>\npus\u0117s arbatinio \u0161auk\u0161telio druskos;<br \/>\n2 puodeli\u0173 pasuk\u0173;<br \/>\n4 plakt\u0173 kiau\u0161ini\u0173;<br \/>\n1 puodelio lydyto \u017ealio sviesto.<\/p>\n<p>Gaminimas:<\/p>\n<p>\u012e vien\u0105 ind\u0105 i\u0161sijokite sausus ingredientus. Kitame inde i\u0161mai\u0161ykite pasukas su kiau\u0161iniais. Supilkite \u012f milt\u0173 mi\u0161in\u012f. Gerai i\u0161mai\u0161ykite. Prid\u0117kite \u017ealio sviesto ir i\u0161plakite iki vientisos mas\u0117s. Trupu\u010diu aliejaus patepkite vafli\u0173 keptuv\u0119 ir \u012fkaitinkite j\u0105. I\u0161sikepkite vaflius ir patiekite su kar\u0161tu klev\u0173 sirupu.<\/p>\n<p>Parengta pagal:<br \/>\nDan D. Lyon &#8220;Gourmet Cannabis Cookery: The High Art of Marijuana Cuisine&#8221; &#8211; Loompanics Unlimited, 1999. &#8211; 20p.<\/p>\n","protected":false},"excerpt":{"rendered":"<p>6-8 porcijoms reik\u0117s: 2 puodeli\u0173 milt\u0173; 3 arbatini\u0173 \u0161auk\u0161teli\u0173 kepimo milteli\u0173; 1 arbatinio \u0161auk\u0161telio kepimo sodos; pus\u0117s arbatinio \u0161auk\u0161telio druskos; 2 puodeli\u0173 pasuk\u0173; 4 plakt\u0173 kiau\u0161ini\u0173; 1 puodelio lydyto \u017ealio sviesto. Gaminimas: \u012e vien\u0105 ind\u0105 i\u0161sijokite sausus ingredientus. Kitame inde i\u0161mai\u0161ykite pasukas su kiau\u0161iniais. Supilkite \u012f milt\u0173 mi\u0161in\u012f. Gerai i\u0161mai\u0161ykite. Prid\u0117kite \u017ealio sviesto ir i\u0161plakite [&hellip;]<\/p>\n","protected":false},"author":2,"featured_media":0,"parent":0,"menu_order":0,"comment_status":"closed","ping_status":"closed","template":"","meta":{"footnotes":""},"class_list":["post-305","page","type-page","status-publish","hentry"],"_links":{"self":[{"href":"https:\/\/www.legalus.net\/kan\/wp-json\/wp\/v2\/pages\/305","targetHints":{"allow":["GET"]}}],"collection":[{"href":"https:\/\/www.legalus.net\/kan\/wp-json\/wp\/v2\/pages"}],"about":[{"href":"https:\/\/www.legalus.net\/kan\/wp-json\/wp\/v2\/types\/page"}],"author":[{"embeddable":true,"href":"https:\/\/www.legalus.net\/kan\/wp-json\/wp\/v2\/users\/2"}],"replies":[{"embeddable":true,"href":"https:\/\/www.legalus.net\/kan\/wp-json\/wp\/v2\/comments?post=305"}],"version-history":[{"count":1,"href":"https:\/\/www.legalus.net\/kan\/wp-json\/wp\/v2\/pages\/305\/revisions"}],"predecessor-version":[{"id":306,"href":"https:\/\/www.legalus.net\/kan\/wp-json\/wp\/v2\/pages\/305\/revisions\/306"}],"wp:attachment":[{"href":"https:\/\/www.legalus.net\/kan\/wp-json\/wp\/v2\/media?parent=305"}],"curies":[{"name":"wp","href":"https:\/\/api.w.org\/{rel}","templated":true}]}}