{"id":307,"date":"2015-11-09T01:41:50","date_gmt":"2015-11-08T23:41:50","guid":{"rendered":"https:\/\/www.legalus.net\/kan\/?page_id=307"},"modified":"2015-11-09T01:41:50","modified_gmt":"2015-11-08T23:41:50","slug":"triptop-pyragaiciai","status":"publish","type":"page","link":"https:\/\/www.legalus.net\/kan\/triptop-pyragaiciai","title":{"rendered":"TripTop pyragai\u010diai"},"content":{"rendered":"<p>Reik\u0117s:<\/p>\n<p>1 puodelio pusiau sald\u017ei\u0173 \u0161okoladini\u0173 \u010dips\u0173;<br \/>\npus\u0117s puodelio kapot\u0173 rie\u0161ut\u0173;<br \/>\n100g sviesto;<br \/>\n3 kiau\u0161ini\u0173;<br \/>\n150g milt\u0173;<br \/>\n1 puodelio smulkiojo cukraus;<br \/>\n1 arbatinio \u0161auk\u0161telio vanil\u0117s ekstrakto;<br \/>\nketvirtadalio arbatinio \u0161auk\u0161telio kepimo sodos;<br \/>\nnema\u017eiau nei 3,5g \u017eol\u0117s.<\/p>\n<p>Gaminimas:<\/p>\n<p>Sumalkite \u010dipsus kartu su rie\u0161utais. \u012ekaitinkite orkait\u0119 iki 180?C temperat\u016bros. I\u0161sitepkite riebalais kepimo skard\u0105. Ant silpnos ugnies nesvylan\u010diame puodelyje ar keptuv\u0117je i\u0161lydykite sviest\u0105 kartu su maltais rie\u0161utais ir \u010dipsais. Kaitindami mai\u0161ykite iki vienalyt\u0117s mas\u0117s. Nuimkite nuo ugnies. Supilkite \u012f duben\u012f (jeigu naudojate plastmasin\u012f mikserio duben\u012f, leiskite ko\u0161ei truput\u012f atau\u0161ti). \u012ejunkite mikser\u012f. Plakite!:P \u012eplakite kiau\u0161inius, po to miltus, cukr\u0173, vanil\u0119 ir kepimo sod\u0105. \u012emai\u0161ykite \u017eol\u0119.<\/p>\n<p>I\u0161 gautos te\u0161los suformuokite pyragai\u010dius ir kepkite apie 20min orkait\u0117je. Ar pyragas i\u0161kep\u0119s, galite patikrinti medine lazdele \u012fd\u016br\u0119 \u012f jo centr\u0105 &#8211; ji turi lengvai i\u0161sitraukti. I\u0161kepus leiskite atv\u0117sti ir valgykite :).<\/p>\n<p>Skanaus!<\/p>\n","protected":false},"excerpt":{"rendered":"<p>Reik\u0117s: 1 puodelio pusiau sald\u017ei\u0173 \u0161okoladini\u0173 \u010dips\u0173; pus\u0117s puodelio kapot\u0173 rie\u0161ut\u0173; 100g sviesto; 3 kiau\u0161ini\u0173; 150g milt\u0173; 1 puodelio smulkiojo cukraus; 1 arbatinio \u0161auk\u0161telio vanil\u0117s ekstrakto; ketvirtadalio arbatinio \u0161auk\u0161telio kepimo sodos; nema\u017eiau nei 3,5g \u017eol\u0117s. Gaminimas: Sumalkite \u010dipsus kartu su rie\u0161utais. \u012ekaitinkite orkait\u0119 iki 180?C temperat\u016bros. I\u0161sitepkite riebalais kepimo skard\u0105. Ant silpnos ugnies nesvylan\u010diame puodelyje [&hellip;]<\/p>\n","protected":false},"author":2,"featured_media":0,"parent":0,"menu_order":0,"comment_status":"closed","ping_status":"closed","template":"","meta":{"footnotes":""},"class_list":["post-307","page","type-page","status-publish","hentry"],"_links":{"self":[{"href":"https:\/\/www.legalus.net\/kan\/wp-json\/wp\/v2\/pages\/307","targetHints":{"allow":["GET"]}}],"collection":[{"href":"https:\/\/www.legalus.net\/kan\/wp-json\/wp\/v2\/pages"}],"about":[{"href":"https:\/\/www.legalus.net\/kan\/wp-json\/wp\/v2\/types\/page"}],"author":[{"embeddable":true,"href":"https:\/\/www.legalus.net\/kan\/wp-json\/wp\/v2\/users\/2"}],"replies":[{"embeddable":true,"href":"https:\/\/www.legalus.net\/kan\/wp-json\/wp\/v2\/comments?post=307"}],"version-history":[{"count":1,"href":"https:\/\/www.legalus.net\/kan\/wp-json\/wp\/v2\/pages\/307\/revisions"}],"predecessor-version":[{"id":308,"href":"https:\/\/www.legalus.net\/kan\/wp-json\/wp\/v2\/pages\/307\/revisions\/308"}],"wp:attachment":[{"href":"https:\/\/www.legalus.net\/kan\/wp-json\/wp\/v2\/media?parent=307"}],"curies":[{"name":"wp","href":"https:\/\/api.w.org\/{rel}","templated":true}]}}