{"id":313,"date":"2015-11-09T01:43:33","date_gmt":"2015-11-08T23:43:33","guid":{"rendered":"https:\/\/www.legalus.net\/kan\/?page_id=313"},"modified":"2015-11-09T01:43:33","modified_gmt":"2015-11-08T23:43:33","slug":"thc-ekstrakcija","status":"publish","type":"page","link":"https:\/\/www.legalus.net\/kan\/thc-ekstrakcija","title":{"rendered":"THC ekstrakcija"},"content":{"rendered":"<p>Vienas papras\u010diausi\u0173 b\u016bd\u0173 yra i\u0161traukti eterin\u012f kanapi\u0173 aliej\u0173. Galutinis produktas b\u016bna tamsus aliejinis skystis, turintis apie 70% grynos THC. Pats procesas yra pakankamai paprastas.<\/p>\n<p>Gauto produkto prana\u0161umai:<\/p>\n<p>1. Nekar\u0161tas ir nea\u0161trus d\u016bmas.<br \/>\n2. R\u016bkant neapsine\u0161a nei pir\u0161tai, nei dantys.<br \/>\n3. Labai menkas kvapas.<br \/>\n4. Penkis kartus stipriau, nei r\u016bkant joint&#8217;ais.<br \/>\n5. Pigu.<br \/>\n6. Organizmas neter\u0161iamas kancerogenais.<\/p>\n<p>Gaminimo inventorius:<\/p>\n<p>Stiklinis indas su hermeti\u0161ku dang\u010diu;<br \/>\nmetalinis puodelis ar skardin\u0117;<br \/>\n\u0161varus gr\u016bd\u0173 spiritas;<br \/>\nstuff&#8217;as (kiekis ir stiprumas nesvarbu);<br \/>\naudeklo gabalas ko\u0161imui (tinka ir kokie mar\u0161kin\u0117liai);<br \/>\nbuteliukas nuo aki\u0173 la\u0161\u0173 ar pana\u0161iai (jame laikomas gautas produktas);<br \/>\nelektrin\u0117 virykl\u0117.<\/p>\n<p>Pirmas \u017eingsnis:<\/p>\n<p>Visa esm\u0117 tame, kad aliejai, THC ir jos r\u016bg\u0161tis gerai tirpsta alkoholyje. Susmulkinamas stuff&#8217;as ir i\u0161renkamos visos s\u0117klos. Tam reikalui geriausiai tinka metalinis sietelis su tokiomis akimis, kad pro jas netilptu s\u0117klos. Stuff&#8217;as sumalamas iki milt\u0173. Tie miltai supilami \u012f stiklin\u012f ind\u0105 ir u\u017epilami spiritu. Alkoholio pilama tiek, kad kanapi\u0173 dalel\u0117s gal\u0117t\u0173 lengvai plaukioti. Indas sandariai u\u017edaromas ir kelis kartus gerai suplakamas. Plakimas kartojamas ma\u017edaug kas valand\u0105, kol spiritas tamsiai pa\u017ealiuoja, o purtant matosi aliejaus burbuliukai. Aliejui i\u0161tirpus, nuko\u0161iama \u012f metalin\u012f ind\u0105. Stuff&#8217;as, da\u017eniausiai i\u0161metamas arba, jeigu tai buvo skunk&#8217;as ar pana\u0161us &#8220;strong&#8221; pychas, pakartojamas auk\u0161\u010diau apra\u0161ytas procesas.<\/p>\n<p>Antras \u017eingsnis:<\/p>\n<p>Naudojama tik elektrin\u0117 virykl\u0117. Pastatomas metalinis indas ant virykl\u0117s, nustatoma minimali temperat\u016bra ir papras\u010diausiai garinamas alkoholis. Garinamas iki aliejus pradeda tams\u0117ti ir tir\u0161t\u0117ti. Da\u017eniausiai neleid\u017eiama labai sutir\u0161t\u0117t, bo b\u016bna sunku su juo &#8220;dirbti&#8221;. O, jei jau sutir\u0161t\u0117jo, v\u0117l praskied\u017eiama spiritu iki reikiamos b\u016bsenos. Nugarinus iki reikiamo tir\u0161tumo, atv\u0117sinamas iki kambario temperat\u016bros ir supilamas i buteliuk\u0105 nuo aki\u0173 la\u0161\u0173.<\/p>\n<p>Jeigu n\u0117ra elektrin\u0117s virykl\u0117s:<\/p>\n<p>Tada papras\u010diausiai paliekamas indas su skys\u010diu gerai v\u0117dinamoje \u0161iltoje vietoje ir alkoholis pats i\u0161garuoja per kelet\u0105 dien\u0173. Ant dujin\u0117s virykl\u0117s alkoholis negarinamas, nes esant atvirai liepsnai, jis lengvai u\u017esiliepsnoja.<\/p>\n<p>Ind\u0173 plovimui naudojamas alkoholis. Kitaip gra\u017ei \u017ealia spalva nepasinaikina.<\/p>\n<p>R\u016bkymo technika:<\/p>\n<p>R\u016bkant neleid\u017eiama aliejui kontaktuoti su liepsna, kitaip netenkama didel\u0117s dalies THC.<\/p>\n<p>Inventorius:<\/p>\n<p>Gabal\u0117lis aliuminio folijos;<br \/>\nstoras \u0161iaudelis ar vamzdelis (tinka nuo Bic ar pana\u0161aus \u0161ratinuko arba flomasterio);<br \/>\nliepsnos \u0161altinis (tinka \u017eiebtuv\u0117lis, bet \u017evak\u0117 yra patogesn\u0117).<\/p>\n<p>Procesas:<\/p>\n<p>I\u0161silankstomas i\u0161 folijos ka\u017ekas pana\u0161aus \u012f \u0161auk\u0161tel\u012f. \u012e j\u012f \u012fla\u0161inami kokie 6 ar 8 la\u0161ai aliejaus ir laikomas kelet\u0105 centimetr\u0173 vir\u0161 liepsnos. Aliejus pradeda virti, tams\u0117ti ir skleisti keistus garsus. \u0160auk\u0161te susidaro tamsiai rudas plotelis, o nuo plotelio pradeda kilti baltas d\u016bmas. Tas d\u016bmas yra traukiamas per \u0161iaudel\u012f. Taip pat \u0161io aliejaus la\u0161inama \u012f cigaret\u0119, ji i\u0161d\u017eiovinama ir r\u016bkoma.<\/p>\n<p>\u010cia yra vienas i\u0161 daugelio b\u016bd\u0173, kaip 4ekstraktuojamas THC aliejus.<\/p>\n<p>Parengta pagal Matt Thomas publikacijas internete.<\/p>\n","protected":false},"excerpt":{"rendered":"<p>Vienas papras\u010diausi\u0173 b\u016bd\u0173 yra i\u0161traukti eterin\u012f kanapi\u0173 aliej\u0173. Galutinis produktas b\u016bna tamsus aliejinis skystis, turintis apie 70% grynos THC. Pats procesas yra pakankamai paprastas. Gauto produkto prana\u0161umai: 1. Nekar\u0161tas ir nea\u0161trus d\u016bmas. 2. R\u016bkant neapsine\u0161a nei pir\u0161tai, nei dantys. 3. Labai menkas kvapas. 4. Penkis kartus stipriau, nei r\u016bkant joint&#8217;ais. 5. Pigu. 6. Organizmas neter\u0161iamas [&hellip;]<\/p>\n","protected":false},"author":2,"featured_media":0,"parent":0,"menu_order":0,"comment_status":"closed","ping_status":"closed","template":"","meta":{"footnotes":""},"class_list":["post-313","page","type-page","status-publish","hentry"],"_links":{"self":[{"href":"https:\/\/www.legalus.net\/kan\/wp-json\/wp\/v2\/pages\/313","targetHints":{"allow":["GET"]}}],"collection":[{"href":"https:\/\/www.legalus.net\/kan\/wp-json\/wp\/v2\/pages"}],"about":[{"href":"https:\/\/www.legalus.net\/kan\/wp-json\/wp\/v2\/types\/page"}],"author":[{"embeddable":true,"href":"https:\/\/www.legalus.net\/kan\/wp-json\/wp\/v2\/users\/2"}],"replies":[{"embeddable":true,"href":"https:\/\/www.legalus.net\/kan\/wp-json\/wp\/v2\/comments?post=313"}],"version-history":[{"count":1,"href":"https:\/\/www.legalus.net\/kan\/wp-json\/wp\/v2\/pages\/313\/revisions"}],"predecessor-version":[{"id":314,"href":"https:\/\/www.legalus.net\/kan\/wp-json\/wp\/v2\/pages\/313\/revisions\/314"}],"wp:attachment":[{"href":"https:\/\/www.legalus.net\/kan\/wp-json\/wp\/v2\/media?parent=313"}],"curies":[{"name":"wp","href":"https:\/\/api.w.org\/{rel}","templated":true}]}}