{"id":54,"date":"2013-06-05T02:12:43","date_gmt":"2013-06-05T00:12:43","guid":{"rendered":"http:\/\/www.legalus.net\/kan\/?page_id=54"},"modified":"2013-06-06T15:40:42","modified_gmt":"2013-06-06T13:40:42","slug":"ph-ir-ec-matuokliai","status":"publish","type":"page","link":"https:\/\/www.legalus.net\/kan\/ph-ir-ec-matuokliai","title":{"rendered":"PH ir EC matuokliai"},"content":{"rendered":"<ol>\n<li>Kod\u0117l naudoti \u0161iuos brangius prietaisus?<\/li>\n<li>Kaip jais naudotis?<\/li>\n<li>Bendri patarimai<\/li>\n<\/ol>\n<p>J\u016bs\u0173 augalai neduoda tokio derliaus, kokio tikites? J\u016bs\u0173 augalai da\u017enai atrodo lyg apdeginti? \u0160i\u0173 nesklandum\u0173 prie\u017eastis galite su\u017einoti naudodamiesi PH ir EC matuokliais.<\/p>\n<h5>1. Kod\u0117l naudoti \u0161iuos brangius prietaisus?<\/h5>\n<p>PH matuoklis matuoja vandens r\u016bg\u0161tingum\u0105 skal\u0117je nuo 0 iki 14. Tai ne tiesin\u0117, o rodiklin\u0117 skal\u0117. Tai rei\u0161kia, kad skirtumas tarp 6 PH ir 7 PH yra did\u017eiulis. Kai PH yra per ma\u017eas arba per didelis, tuomet \u0161aknys negali pasisavinti maistini\u0173 med\u017eiag\u0173 tinkamomis proporcijomis. Apskritai, tai pasimatys augaluose, kaip vienoki\u0173 ar kitoki\u0173 maistini\u0173 med\u017eiag\u0173 tr\u016bkumas, o nudegimai gali atsirasti, nes kit\u0173 maistini\u0173 med\u017eiag\u0173 kiekis augale gali \u017eenkliai padid\u0117ti. Rezultatas bus tame, kad augalai prad\u0117s letai augti, derlius bus ma\u017eas, o galiausiai augalas gali \u017e\u016bti. I\u0161gydyti galima duodant augalui ma\u017eiau maistini\u0173 med\u017eiag\u0173, ta\u010diau tai gali sukelti kit\u0173 problem\u0173, nukent\u0117s derlius. Kai PH yra tinkamas, ma\u017eai tik\u0117tina, kad tr\u016bkumas gali atsirasti. Augalas gal\u0117s pasiimti tinkamas proporcijas maistini\u0173 med\u017eiag\u0173 o permaitinimas bus praeitis.<\/p>\n<p>Kitaip sakant: su blogu PH, net pus\u0119 rekomenduojamos tra\u0161\u0173 normos sukels pertre\u0161im\u0105. Su geru PH visa rekomenduojama doz\u0117 padarys stiprius, sveikus augalus. <\/p>\n<p>EC matuoklis matuoja elektrin\u012f vandens laidum\u0105. \u0160varus vanduo turi ma\u017e\u0105 EC. Kai j\u016bs dedate tr\u0105\u0161as ir ph reguliatorius, EC did\u0117ja. \u0160\u012f matuokl\u012f galite naudoti norint su\u017einoti kiek tr\u0105\u0161\u0173 galite d\u0117ti \u012f vanden\u012f nesukeldami pertr\u0119\u0161imo. I\u0161 akies nustatyti tiksl\u0173 tr\u0105\u0161\u0173 kiek\u012f yra gana sud\u0117tinga. Kartais j\u016bs nesate tikras kiek daug tr\u0105\u0161\u0173 yra j\u016bs\u0173 talpykloje. Ir net jei d\u0117l \u0161i\u0173 dalyk\u0173 neturite problem\u0173, galimas daiktas, kad rekomenduojama tr\u0105\u0161\u0173 doz\u0117 yra per ma\u017ea j\u016bs\u0173 augintiniams, ir b\u016bt\u0173 naudinga \u012fd\u0117ti didesn\u0119 doz\u0119. Naudojant EC matuokl\u012f kartu su PH matuokliu, galite \u012fvertinti optimali\u0105 tr\u0105\u0161\u0173 doz\u0119 j\u016bs\u0173 augalams nesukeliant pertr\u0119\u0161imo.<\/p>\n<h5>2. Kaip naudotis pH ir EB matuokliais? (auginant \u017eem\u0117je)<\/h5>\n<p>Auginimo prad\u017eioje PH turi b\u016bti 6,4. B\u0117gant laikui PH l\u0117tai ma\u017einkite kol pasieks 6,0 (\u017eyd\u0117jimo pabaigoje). Tai leis augalams pasisavinti \u0161iek tiek ma\u017eiau maistinguj\u0173 med\u017eiag\u0173 kol augalai yra jauni, o daugiau pasisavinti kai jie u\u017eauga ir \u017eydi. Taip pat ir EC turi b\u016bti 1.0 auginimo prad\u017eioje. Nuo auginimo prad\u017eios taip pat l\u0117tai didinti iki paskutiniosiomis \u017eyd\u0117jimo savait\u0117mis EC bus 2.0. <\/p>\n<h5>3. Bendri patarimai<\/h5>\n<p>Kad suma\u017einti PH, galite naudoti act\u0105, arba nusipirkti speciali\u0173 PH suma\u017einimo priemoni\u0173 sodo reikmen\u0173 parduotuv\u0117je. Taip pat sodo reikmen\u0173 parduotuv\u0117je galite rasti priemoni\u0173 pakelian\u010di\u0173 PH. Kartais PH reguliavimas gali b\u016bti erzinantis, kadangi skal\u0117 yra rodyklin\u0117. Praktiniu po\u017ei\u016briu tai rei\u0161kia, kad suma\u017einti ar padidinti PH turite d\u0117ti labai ma\u017e\u0105 kiek\u012f suma\u017einimo ar padidinimo priemoni\u0173. Jei j\u016bs\u0173 PH yra per didelis ir j\u016bs prid\u0117jote per daug suma\u017einimo priemoni\u0173, tuomet j\u016bs turite \u012fd\u0117ti PH padidinimo priemoni\u0173. PH ir EC reguliuokite kas ma\u017edaug vien\u0105 kart\u0105 \u012f m\u0117nes\u012f.<\/p>\n<p>Nenaudokite EC matuoklio be PH matavimo. Jei j\u016bs naudosite tik EC matuokl\u012f, j\u016bs tikriausiai nu\u017eudysite savo augalus per daug pertre\u0161iant. <br \/>\nNaudojant PH matuokl\u012f be EC matavimo, j\u016bs negalite d\u0117ti daugiau tr\u0105\u0161\u0173 negu nurodo instrukcijos.<\/p>\n<p><img decoding=\"async\" src=\"img\/ph-ir-ec-matuokliai\/ph-matuoklis.jpg\" alt=\"PH matuoklis\"><\/p>\n<p><img decoding=\"async\" src=\"img\/ph-ir-ec-matuokliai\/ec-matuoklis.jpg\" alt=\"EC matuoklis\"><\/p>\n<p>Naudota literat\u016bra: <a href=\"http:\/\/www.fastergrowing.com\/cannabis\/ph_ec_metersbook.php\" target=\"_blank\">fastergrowing<\/a> <\/p>\n","protected":false},"excerpt":{"rendered":"<p>Kod\u0117l naudoti \u0161iuos brangius prietaisus? Kaip jais naudotis? Bendri patarimai J\u016bs\u0173 augalai neduoda tokio derliaus, kokio tikites? J\u016bs\u0173 augalai da\u017enai atrodo lyg apdeginti? \u0160i\u0173 nesklandum\u0173 prie\u017eastis galite su\u017einoti naudodamiesi PH ir EC matuokliais. 1. Kod\u0117l naudoti \u0161iuos brangius prietaisus? PH matuoklis matuoja vandens r\u016bg\u0161tingum\u0105 skal\u0117je nuo 0 iki 14. Tai ne tiesin\u0117, o rodiklin\u0117 skal\u0117. [&hellip;]<\/p>\n","protected":false},"author":2,"featured_media":0,"parent":0,"menu_order":0,"comment_status":"open","ping_status":"open","template":"","meta":{"footnotes":""},"class_list":["post-54","page","type-page","status-publish","hentry"],"_links":{"self":[{"href":"https:\/\/www.legalus.net\/kan\/wp-json\/wp\/v2\/pages\/54","targetHints":{"allow":["GET"]}}],"collection":[{"href":"https:\/\/www.legalus.net\/kan\/wp-json\/wp\/v2\/pages"}],"about":[{"href":"https:\/\/www.legalus.net\/kan\/wp-json\/wp\/v2\/types\/page"}],"author":[{"embeddable":true,"href":"https:\/\/www.legalus.net\/kan\/wp-json\/wp\/v2\/users\/2"}],"replies":[{"embeddable":true,"href":"https:\/\/www.legalus.net\/kan\/wp-json\/wp\/v2\/comments?post=54"}],"version-history":[{"count":4,"href":"https:\/\/www.legalus.net\/kan\/wp-json\/wp\/v2\/pages\/54\/revisions"}],"predecessor-version":[{"id":155,"href":"https:\/\/www.legalus.net\/kan\/wp-json\/wp\/v2\/pages\/54\/revisions\/155"}],"wp:attachment":[{"href":"https:\/\/www.legalus.net\/kan\/wp-json\/wp\/v2\/media?parent=54"}],"curies":[{"name":"wp","href":"https:\/\/api.w.org\/{rel}","templated":true}]}}