{"id":60,"date":"2013-06-05T02:18:14","date_gmt":"2013-06-05T00:18:14","guid":{"rendered":"http:\/\/www.legalus.net\/kan\/?page_id=60"},"modified":"2013-06-06T15:34:33","modified_gmt":"2013-06-06T13:34:33","slug":"outdoor-auginimas-lauke","status":"publish","type":"page","link":"https:\/\/www.legalus.net\/kan\/outdoor-auginimas-lauke","title":{"rendered":"Outdoor (auginimas lauke)"},"content":{"rendered":"<h3>Gidas lauko auginimui (outdoor)<\/h3>\n<p>Auginimas kanapes atvirame lauke reikalauja kantryb\u0117s, slaptumo, ir \u012fsipareigojimo i\u0161tisus metus numatyti j\u016bs\u0173 augal\u0173 poreikius. Kad u\u017eaugintum\u0117te ger\u0105 derli\u0173, reik\u0117s pakankamai \u017eini\u0173 ir supratimo kuriais vadovausites visus 4 met\u0173 sezonus. Auginimas lauke, paslap\u010diomis vadinamas Partizaniniu auginimu.<\/p>\n<p><img decoding=\"async\" src=\"img\/auginimas-lauke\/lauko-kanape.jpg\" class=\"ber\" alt=\"lauko kanap\u0117\"><\/p>\n<h3>\u017diema<\/h3>\n<h5>Vietos pasirinkimas<\/h5>\n<p>\u017diema &#8211; tai puiki proga surasti nauj\u0105 partizaninio auginimo viet\u0105. Vieta kuri\u0105 pasirinksite yra beveik svarbiausias ir sunkiausias sprendimas kur\u012f turite padaryti. Jums labai pasisek\u0117 jei turite nuosav\u0105 nam\u0105, sod\u0105, sodyb\u0105 kuriame galite auginti, ta\u010diau daugelis augintoj\u0173 prival\u0117s tapti partizanais, kad gaut\u0173 vietos atvirame lauke. Labai da\u017enai augintojai suklysta pasirinkdami kur auginti augalus, tod\u0117l juos praranda, arba b\u016bna dar blogiau.<\/p>\n<p>Susiraskite viet\u0105, kurioje b\u016bt\u0173 ma\u017eai tik\u0117tina bet koki\u0173 lankytoj\u0173 i\u0161tisus metus, nesvarbu, ar tai b\u016bt\u0173 keliautojai, ar med\u017eiotojai, ar stovyklautojai. I\u0161valytos vietov\u0117s po telefono, ar elektros nutiestais laidais atrodyt\u0173 ideliai, ta\u010diau tai neb\u016bt\u0173 tinkamiausias pasirinkimas, nes tose vietov\u0117se kartais \u0161ienauja ir lankosi elektros meistrai. Tinkamiausios vietos yra ten, kur sunkiausia pasiekti &#8211; kaip dygliuoti kr\u016bmynai ar status skardis toli nuo praminto takelio.<\/p>\n<p>Tai padeda tur\u0117ti alibi, tarkim pauk\u0161\u010di\u0173 steb\u0117jimas, \u017ev\u0117jyba, tod\u0117l ne\u0161iokites tokius dalykus kaip \u017eiuronus, fotoaparatus, ar \u012franki\u0173 d\u0117\u017ees. Ie\u0161kokite pietin\u0117s pus\u0117s, ir tur\u0117kite galvoje, kaip augalai atrodys i\u0161 vir\u0161aus, jei praskristu sraigtasparnis.<\/p>\n<p>Pabandykite nei\u0161minti takelio kurie nuvestu kitus prie j\u016bs\u0173 vietos, imkites ben toki\u0173 priemoni\u0173, kad u\u017emaskuotum\u0117te p\u0117dsakus. Taip pat apgalvokite apr\u016bpinim\u0105 vandeniu, kad netoliese b\u016bt\u0173 koksia nors up\u0117, upelis, ar e\u017eeras, e\u017eer\u0117lis. Vandens litras sveria apie 1 kilogram\u0105, tod\u0117l augalus tur\u0117site auginti kuo ar\u010diau vandens telkini\u0173, nes j\u012f ne\u0161ioti bus labai sunku. Yra novatori\u0161k\u0173 kuprini\u0173 kuriomis galite palengvinti vandens ne\u0161iojim\u0105. <\/p>\n<p>Jei norite tur\u0117ti didesnius augalus, \u017eiema yra laikas, kuomet turite daiginti s\u0117klas, ar gaminti klonus po lempomis. Visuomet geriau \u012f lauk\u0105 sodinti jau paug\u0117jusius augalus. Kuo stiprensius augalus pasodinsite lauke, tuo didesnis derlius ir sveikesni augalai bus iki pat auginimo pabaigos.<\/p>\n<h3>Pavasaris<\/h3>\n<h5>Augal\u0173 sodinimas<\/h5>\n<p>Kai tik \u017eiema pradeda eiti \u012f pabaig\u0105, ir \u0161aln\u0173 gresm\u0117 praeina, ateina laikas parengti savo augalus persodinimui \u012f lauk\u0105. Pripratinkite augalus prie stiprios saul\u0117s \u0161viesos pastatydami juos lauke kelioms valandoms per par\u0105, kad nesukeltum\u0117te streso (jei leid\u017eia galimyb\u0117s tai padaryti). Palaipsniui didinkite laik\u0105 praleist\u0105 lauke, kol b\u016bsite pasireng\u0119 juos ten persodinti.<\/p>\n<p>Sud\u0117kite augalus \u012f d\u0117\u017e\u0119 ir nuvykite \u012f savo pasirinkt\u0105 auginimo viet\u0105. Dabar turite i\u0161kasti gili\u0105 duob\u0119 ir \u012fpilti \u017eemi\u0173-substrato mi\u0161in\u012f \u012f vid\u0173. \u012emai\u0161ykite \u0161iek tiek perlito, ir kitoki\u0173 vanden\u012f sugerian\u010di\u0173 med\u017eiag\u0173, kad vanduo geriau laikytusi, sausu vasaros periodu.<\/p>\n<p>I\u0161imkite augalus i\u0161 de\u017e\u0117s ir \u012fd\u0117kite juos \u012f mi\u0161in\u012f duob\u0117se kurias paruo\u0161\u0117te. U\u017epilkite \u017eami\u0173 mi\u0161iniu ir laistykite vandeniu tol, kol visas mi\u0161inys pasidarys dr\u0117gnas. \u0160iuo momentu yra puiki \u012fd\u0117ja panaudoti kai kuriuos dalykus kovai su kenk\u0117jais, pavyzd\u017eiui &#8220;\u0161liu\u017e\u0173 barjier\u0105&#8221; nuo \u0161liu\u017e\u0173 (ant \u017eem\u0117s aplink augal\u0105 ratu apjuosti varin\u0119 vielut\u0119), taip pat panaudoti muil\u0105 ar gyv\u016bn\u0173 \u0161lapim\u0105, kad atbaidytum\u0117te stirnas, elnius grau\u017eian\u010dias jaunus augalus.<\/p>\n<p>Kai kurie augintojai apsaugai apjuosia augalus vieliniu tinklu. Elniai labai m\u0117gsta valgyti jaunus kanapi\u0173 augalus, tod\u0117l jei esate srityje kur yra elni\u0173 &#8211; vielinis tinklas puiki apsauga. \u012esitikinkite, kad j\u016bs\u0173 augalai, gyvenimo prad\u017eioje lauke, gaut\u0173 pakankamai vandens, kad j\u0173 \u0161aknys nei\u0161d\u017ei\u016bt\u0173 ir nenu\u017eudyt\u0173 jaun\u0173 augal\u0173. Lauko augalams reikia tvirt\u0173 stieb\u0173, kad atlaikyt\u0173 v\u0117j\u0105 ir li\u016btis. \u0160akos kurios guli ant \u017eem\u0117s, greitai ima p\u016bti. Silpnesni stiebai privalo b\u016bti suri\u0161ti su pagalbiniu \u0161akaliuku, ar grotel\u0117mis, kad visada likt\u0173 vertikalioje pad\u0117tyje.<\/p>\n<p><img decoding=\"async\" src=\"img\/auginimas-lauke\/lauko-kanape3.jpg\" class=\"ber\" alt=\"lauko kanap\u0117\"><\/p>\n<h3>Vasara<\/h3>\n<h5>Augal\u0173 tinkamas pri\u017ei\u016br\u0117jimas<\/h5>\n<p>Vasar\u0105 svarbu palaikyti sveikas, stiprias \u0161akas, kurios v\u0117liau tur\u0117s laikyti didelius, sunkius pumpurus. Kar\u0161tis gali tapti problema, ir sausros metu gali \u017e\u016bti augalai, dar nesp\u0117jus tinkamai u\u017eder\u0117ti. Jei nelyja 10 , ar daugiau dien\u0173, augalus privaloma palaistyti. Jei pasirinkote viet\u0105 prie pat vandens telkinio, galite naudoti pigias, rankines vandens pompas \/ siurblius. Jei ne &#8211; pasiruo\u0161kite ne\u0161ioti vanden\u012f tiek, kad visi\u0161kai prisotintum\u0117te \u0161aknis vandeniu. \u012ed\u0117kite \u0161iek tiek azoto, pavyzd\u017eiui \u017euvies skys\u010dio, ar j\u016bros dumbli\u0173 \u012f laistom\u0105 vanden\u012f<\/p>\n<p>Be laistymo, kai lankote savo augalus, visuomet patikrinkite kenk\u0117jus. Patikrinkite lap\u0173 apa\u010dias, stiebus, bei panagrin\u0117kite vis\u0105 augal\u0105. Bet kokia broblema tur\u0117t\u0173 b\u016bti kuo grei\u010diau pa\u0161alinta &#8211; neleiskit jokiems \u0161liu\u017eams ar blak\u0117ms naikinti j\u016bs\u0173 augalo.<\/p>\n<p>Jei j\u016bs augalus auginate i\u0161 s\u0117klos, tuomet tur\u0117tum\u0117te \u017einoti, kad lyt\u012f augalai pradeda rodyti vasaros vyduryje, ar vasaros pabaigoje. Pa\u0161alinkite visus vyri\u0161kos lyties augalus, kad nesp\u0117t\u0173 aps\u0117klinti moteri\u0161ki\u0173. Vyri\u0161k\u0173 augal\u0173 \u017eieduose, matosi kiau\u0161ai, atrodantys kaip ma\u017ei bananai, o moter\u0173 \u017eiedai turi baltus plaukelius, kurie i\u0161siki\u0161a i\u0161 t\u0173 viet\u0173, kur \u0161akel\u0117s jungiasi su sitebu. Jei lapai pradeda geltonuoti, \u012f laistom\u0105 vanden\u012f \u012fd\u0117kite \u0161iek tiek tr\u0105\u0161\u0173, kuriose daug azoto.<\/p>\n<p>Vasara &#8211; laikas kuomet tur\u0117tum\u0117te melstis lietaus. Ties\u0105 sakant tur\u0117tum\u0117te visada pagarbinti liet\u0173, kad ir koks jis beb\u016bt\u0173 \ud83d\ude42 Lietaus d\u0117ka jums nereik\u0117s da\u017enai lankyti augal\u0173, taip pat augalas u\u017eaugs didesnis, stipresnis. Vasaros lietus yra j\u016bs\u0173 draugas belaukiant rudens.<\/p>\n<p><img decoding=\"async\" src=\"img\/auginimas-lauke\/lauko-kanape2.jpg\" class=\"ber\" alt=\"lauko kanap\u0117\"><\/p>\n<h3>Ruduo<\/h3>\n<h5>Kelias iki derliaus<\/h5>\n<p>Kaip priklauso, jums reikt\u0173 \u012fd\u0117ti \u0161iek tiek \u017eyd\u0117jimui skirt\u0173 tr\u0105\u0161\u0173 ir pried\u0173, kad optimizuotum\u0117te savo derli\u0173. Tai puikus laikas apibarstyti \u017eyd\u0117jim\u0105 didinan\u010diomis med\u017eiagomis aplink \u0161akn\u0173 zon\u0105 ir palaistyti tai. \u017dydintys augalai reikalauja \u017eyd\u0117jimui skirt\u0173 maistini\u0173 med\u017eiag\u0173, tad pirkite tr\u0105\u0161as su ma\u017eiau azoto, ta\u010diau daugiau fosforo ir \u0161iek tiek kalio. <\/p>\n<p>Ruduo tai metas, kuomet dregm\u0117 gali sukelti pumpur\u0173 p\u016bv\u0117s\u012f, ir jas paversti \u012f ko\u0161\u0119. Kai tik galite, nupurtykite susukaupusius vandens la\u0161us nuo augalo. Kai kurie augintojai nuim\u0105 derli\u0173 anks\u010diau laiko, jei mato, jog su pel\u0117siu nebegali susitvarkyti. Kai ateina \u0161al\u010diai, o \u017eied\u0173 spalvos jau rodo auginimo pabaig\u0105, laikas suplanuoti derliaus nu\u0117mim\u0105. Pasirinkite dar tams\u0173 ryt\u0105 arba vakar\u0105, kad i\u0161vengtum\u0117te susid\u016brim\u0105 su bet kokiu asmeniu ir gal\u0117tum\u0117te sklan\u010diai rasiruo\u0161ti savo misijai. 20 litr\u0173 u\u017edaromas kibiras puikiai tiks nukarpytoms \u0161akel\u0117ms. Jis sandariai u\u017edarys stipr\u0173 \u0161vie\u017eiai nukirpt\u0173 augal\u0173 kvap\u0105, bei u\u017edengs nuo smalsi\u0173 aki\u0173. \u0160akeles d\u0117kite \u012f kibir\u0105 nupjautu galu \u017e\u0117myn, kad i\u0161vengtum\u0117te \u017eied\u0173 sutrai\u0161kymo. Nupjaukite savo augal\u0173 \u0161akeles, sud\u0117kite \u012f kibir\u0105 ir skubiai dinkite i\u0161 tos vietos. Saugioje vietoje prad\u0117kite apkarpymo ir d\u017eiovinimo procesus.<\/p>\n<p>Po derliaus nu\u0117mimo, kai kurie augintojai likusias, nereikalingas kanapi\u0173 dalis u\u017ekasa atgal \u012f auginimo viet\u0105, kad \u012f \u017eem\u0119 sugra\u017eint\u0173 bent gal\u012f azoto. Dabar telieka atsipalaiduoti ir m\u0117gautis savo vaisiumi ir prad\u0117ti galvoti apie nauj\u0105 viet\u0105 auginimui kitiems  metams&#8230; \ud83d\ude42<\/p>\n<p><img decoding=\"async\" src=\"img\/auginimas-lauke\/lauko-kanape4.jpg\" class=\"ber\" alt=\"lauko kanap\u0117\"><\/p>\n<h3>M\u0117nulio faz\u0117s kanapi\u0173 auginimui<\/h3>\n<p>Kanap\u0117s auga geriau, jei jas auginate pagal M\u0117nulio fazes. <b>S\u0117klos dygsta grei\u010diau. Augalai stipresni, bei atsparesni ligoms. Augalai su\u017eydi ank\u0161\u010diau ir u\u017eaugina daugiau vais\u0173.<\/b> Taip pat augalai b\u016bna atsparesni at\u0161iaurioms oro s\u0105lygoms, sausrai, stresui. \u017dinoma nepamir\u0161kite tinkamo auginimo tehnikos, nes be jos menulio faz\u0117s nieko vertos, augalai turi b\u016bti laistomi, gen\u0117jami, mul\u010diuojami, aprav\u0117ti ir patre\u0161ti.<\/p>\n<p><b>Auginimas pagal M\u0117nulio fazes, tai tik tinkamo laiko pasirinkimas.<\/b> Kadangi mes galime numatyti fazes, mes galime i\u0161 anksto suplanuoti ir maksimilizuoti ry\u0161\u012f tarp saul\u0117s sistemos ir biologini\u0173 cikl\u0173, bei gauti optimaliausi\u0105 rezultat\u0105 kanapi\u0173 auginime.<\/p>\n<p>M\u0117nulis simbolizuoja emocijas, instinktus, \u012fpro\u010dius ir rutin\u0105. Jis vaizduoja kelius, kuriuose mes jau\u010diames labiausiai nat\u016bral\u016bs ir saug\u016bs. Keisdamas pad\u0117t\u012f kas 2 ar 2,5 dienos, M\u0117nulis taip pat atspindi nuotaikas.<\/p>\n<p><img decoding=\"async\" src=\"img\/menulio-fazes\/fazes.jpg\" alt=\"M\u0117nulio faz\u0117s\"><\/p>\n<p>Kiekvien\u0105 m\u0117nes\u012f M\u0117nulis keliauja per 12 zodiako \u017eenkl\u0173, pasilikdamas ma\u017edaug 2,5 dienos kiekviename \u017eenkle. Kai jis taip keliauja susidaro kampiniai santykiai su Saule, kuriuos mes vadiname M\u0117nulio Faz\u0117mis. &#8220;Faz\u0117&#8221; i\u0161 tikr\u0173j\u0173 rei\u0161kia kamp\u0105 tarp M\u0117nulio, \u017dem\u0117s ir Saul\u0117s. M\u0117nulis skrieja aplink \u017dem\u0119, o \u017dem\u0117 skrieja aplink Saul\u0119. Tai yra \u017dem\u0117s orbita kuri apibr\u0117\u017eia ekliptik\u0105 ir simboli\u0161kai suskirstytas \u012f zodiako \u017eenklus.<\/p>\n<p>Vis\u0173 pirma faz\u0117s vyksta dviem etapais: Piln\u0117jimas (did\u0117jimas) ir Dilimas (ma\u017e\u0117jimas). <\/p>\n<p><b>M\u0117nulis piln\u0117ja &#8211; did\u0117ja per \u0161ias fazes:<\/b> Jaunatis, M\u0117nulis piln\u0117ja (1 faz\u0117), Prie\u0161pilnis, M\u0117nulis piln\u0117ja (2 faz\u0117).<\/p>\n<p><b>M\u0117nulis Dyla &#8211; ma\u017e\u0117ja per \u0161ias fazes:<\/b> Pilnatis, M\u0117nulis dyla (3 faz\u0117), Del\u010dia, M\u0117nulis dyla (4 faz\u0117).<\/p>\n<p>Bendros taisykl\u0117s: kai m\u0117nulis piln\u0117ja, augalai vysto lapus ir visas kitas augalo dalis kurios yra vir\u0161 \u017eem\u0117s. Kai m\u0117nulis dyla, augalai vystp \u0161akn\u0173 sistem\u0105. Lapuo\u010dius augalus, tokius kaip kanap\u0117s, kurie auga vir\u0161 \u017eem\u0117s, geriausia s\u0117ti kai m\u0117nulis piln\u0117ja.<\/p>\n<p>Dabar \u0161ias fazes galime suskirstyti \u012f keturis ketvir\u010dius:<\/p>\n<p>Jaunaties per\u0117jimas \u012f Prie\u0161piln\u012f<br \/>\nPrie\u0161pilnio per\u0117jimas \u012f Pilnat\u012f<br \/>\nPilnaties per\u0117jimas \u012f Del\u010di\u0105<br \/>\nDel\u010dios per\u0117jimas \u012f Jaunat\u012f<\/p>\n<p>Tarpin\u0117s faz\u0117s:<\/p>\n<p>1 faz\u0117 (M\u0117nulis piln\u0117ja, tarp Jaunaties ir Prie\u0161pilnio)<br \/>\n2 faz\u0117 (M\u0117nulis piln\u0117ja, tarp Prie\u0161pilnio ir Pilnaties)<br \/>\n3 faz\u0117 (M\u0117nulis dyla, tarp Pilnaties ir Del\u010dios)<br \/>\n4 faz\u0117 (M\u0117nulis dyla, tarp Del\u010dios ir Jaunaties)<\/p>\n<p><img decoding=\"async\" src=\"img\/menulio-fazes\/menulio-fazes.jpg\" alt=\"M\u0117nulio faz\u0117s\"><\/p>\n<p>1 faz\u0117 yra geriausia s\u0117kl\u0173 daiginimui ir daigeli\u0173 apkarpymui.<br \/> <br \/>\n2 faz\u0117je augalai geriausiai pasisavina maistines med\u017eiagos i\u0161 \u017eem\u0117s ir didina vaisius.<br \/>\n3 faz\u0117 puikus laikas s\u0117klu brandinimui.<br \/>\n4 faz\u0117 yra geriausias laikas pikt\u017eoli\u0173 rav\u0117jimui ir augal\u0173 karpymui.<\/p>\n<p>Svarbu pamin\u0117ti, kad j\u016bs netetur\u0117tum\u0117te atlikti auginimo darb\u0173 tiksliu faz\u0117s \u012fstojimo laiku. Palaukite kelias valandas. Kiekvienas tikslus faz\u0117s laikas rei\u0161kia kritin\u012f laik\u0105 kuomet m\u0117nulis i\u0161 vienos faz\u0117s pereina \u012f kit\u0105.<\/p>\n<p>Kadangi saul\u0117 \u017eenkle stovi vis\u0105 m\u0117nes\u012f yra keli m\u0117nesiai kuriuose kai kuriuos auginimo darbus atlikti yra geriau nei kituose. Susieti Saul\u0117s ciklui ir M\u0117nulio ciklui reikia tam tikr\u0173 \u012fgud\u017ei\u0173, ta\u010diau tai n\u0117ra sud\u0117tingiausias dalykas kuriame taikote logik\u0105.<\/p>\n<p>Jeigu Saul\u0117 yra &#8220;derlingame&#8221; \u017eenkle, tuomet jums reikt\u0173 juo pasinaudoti, kad pagerintum\u0117te augalo derlingum\u0105. \u017dinoma geriausias rezultatas bus, kai m\u0117nulis bus tame pa\u010diame \u017eenkle kaip ir saul\u0117. Tinkamiausios dienos, auginimo darbams, priklausys nuo menulio \u017eenklo. Faz\u0117s ir \u017eenklo suderinimas auginime yra svarbus aspektas. Faz\u0117 neturi jokios reik\u0161m\u0117s sodinime, jei m\u0117nulis yra netinkamame \u017eenkle, antra vertus tai gali net slopinti augalo augim\u0105.<\/p>\n<p>Atminkite: Saul\u0117 kiekviename \u017eenkle i\u0161b\u016bna apie m\u0117nes\u012f, o menulis per m\u0117nes\u012f pereina visus 12 \u017eenkl\u0173 ir kiekviename \u017eenkle i\u0161b\u016bna apie 2,5 dienos. <br \/>\nJaunatis visuomet pasirodo kai Saul\u0117 ir M\u0117nulis atsiranda tame pa\u010diame \u017eenkle. <br \/> <br \/>\nPilnatis visuomet pasirodo kai M\u0117nulis yra prie\u0161ingame \u017eenkle negu Saul\u0117.<\/p>\n<p>Naudota literat\u016bra:<br \/>\n<a href=\"http:\/\/www.greenmanspage.com\/guides\/moon.html\" target=\"_blank\">greenmanspage<\/a><br \/>\n<a href=\"http:\/\/hightimes.com\/grow\/ht_admin\/3906\" target=\"_blank\">hightimes<\/a> <\/p>\n","protected":false},"excerpt":{"rendered":"<p>Gidas lauko auginimui (outdoor) Auginimas kanapes atvirame lauke reikalauja kantryb\u0117s, slaptumo, ir \u012fsipareigojimo i\u0161tisus metus numatyti j\u016bs\u0173 augal\u0173 poreikius. Kad u\u017eaugintum\u0117te ger\u0105 derli\u0173, reik\u0117s pakankamai \u017eini\u0173 ir supratimo kuriais vadovausites visus 4 met\u0173 sezonus. Auginimas lauke, paslap\u010diomis vadinamas Partizaniniu auginimu. \u017diema Vietos pasirinkimas \u017diema &#8211; tai puiki proga surasti nauj\u0105 partizaninio auginimo viet\u0105. Vieta kuri\u0105 [&hellip;]<\/p>\n","protected":false},"author":2,"featured_media":0,"parent":0,"menu_order":0,"comment_status":"open","ping_status":"open","template":"","meta":{"footnotes":""},"class_list":["post-60","page","type-page","status-publish","hentry"],"_links":{"self":[{"href":"https:\/\/www.legalus.net\/kan\/wp-json\/wp\/v2\/pages\/60","targetHints":{"allow":["GET"]}}],"collection":[{"href":"https:\/\/www.legalus.net\/kan\/wp-json\/wp\/v2\/pages"}],"about":[{"href":"https:\/\/www.legalus.net\/kan\/wp-json\/wp\/v2\/types\/page"}],"author":[{"embeddable":true,"href":"https:\/\/www.legalus.net\/kan\/wp-json\/wp\/v2\/users\/2"}],"replies":[{"embeddable":true,"href":"https:\/\/www.legalus.net\/kan\/wp-json\/wp\/v2\/comments?post=60"}],"version-history":[{"count":3,"href":"https:\/\/www.legalus.net\/kan\/wp-json\/wp\/v2\/pages\/60\/revisions"}],"predecessor-version":[{"id":151,"href":"https:\/\/www.legalus.net\/kan\/wp-json\/wp\/v2\/pages\/60\/revisions\/151"}],"wp:attachment":[{"href":"https:\/\/www.legalus.net\/kan\/wp-json\/wp\/v2\/media?parent=60"}],"curies":[{"name":"wp","href":"https:\/\/api.w.org\/{rel}","templated":true}]}}