{"id":68,"date":"2013-06-05T02:26:06","date_gmt":"2013-06-05T00:26:06","guid":{"rendered":"http:\/\/www.legalus.net\/kan\/?page_id=68"},"modified":"2014-10-31T04:14:17","modified_gmt":"2014-10-31T02:14:17","slug":"naujoku-klaidos","status":"publish","type":"page","link":"https:\/\/www.legalus.net\/kan\/naujoku-klaidos","title":{"rendered":"Naujok\u0173 klaidos"},"content":{"rendered":"<h5>Perlaistymas<\/h5>\n<p>Vandens kiek\u012f galite pamatuoti pakeldami vazon\u0105 ir jausdami svor\u012f. Galite netgi naudoti svarstykles. Prie\u0161 pasodinant augal\u0105, supilkite substrat\u0105 \u012f vazon\u0105 ir j\u012f pasverkite. Po to palaistikyte ir v\u0117l pasverkite, kad jaustum\u0117te skirtum\u0105. Nelaistikyte augalo kas dien\u0105! Laistyti reikia tik tada kai vazonas sveria beveik tiek, kiek sv\u0117re nelaistytas. Pasodinus daig\u0105 \u012f vazon\u0105, laistyti reikia tik po keli\u0173 dien\u0173.<\/p>\n<h5>Pertr\u0119\u0161imas<\/h5>\n<p>Nesinaudokite instrukcijomis nurodytomis ant tr\u0105\u0161\u0173 pakuo\u010di\u0173! J\u0173 nurodyti kiekiai netinka kanap\u0117ms. Naudokite 1\/4 (keturis kartus ma\u017eiau) nei nurodyta ant pakuot\u0117s.<\/p>\n<h5>Perd\u0117tas nerimas<\/h5>\n<p>Pirmas auginimas pana\u0161us \u012f pirm\u0105 gimus\u012f vaik\u0105. Naujokai peryvena d\u0117l kiekvienos smulkmenos. I\u0161 prad\u017ei\u0173 reikia steb\u0117ti augal\u0105 ir i\u0161siai\u0161kinti kas jam nutiko, o ne betkokiais b\u016bdais bandyti i\u0161gydyti kiekvien\u0105 gelton\u0105 lapel\u012f. Da\u017enai b\u016bna, kad bandant i\u0161gydyti augal\u0105, naujokai pridaro daugiau \u017ealos negu naudos. \u017dinoma &#8211; atkreipti d\u0117mes\u012f \u012f negalavimus reikia, ta\u010diau ir reikia b\u016bti atid\u017eiam pasirenkant gydymo b\u016bd\u0105.<\/p>\n<h5>Per brangi \u012franga<\/h5>\n<p>Nauji augintojai da\u017enai apsunkina savo pirm\u0105 auginim\u0105 labai brangiais prietaisais ir \u012franga. Daug efektyviau yra i\u0161 prad\u017ei\u0173 mokytis auginti, o tik po to investuoti pinigus \u012f auk\u0161tos klas\u0117s \u012frang\u0105, o ne atvirk\u0161\u010diai.<\/p>\n<h5>Nereikalingi prane\u0161imai<\/h5>\n<p>Prie\u0161 klausiant klausim\u0173 forumuose, pasinaudokite paie\u0161kos funkcijomis (ar paie\u0161kos svetain\u0117mis). Taip ne tik su\u017einosite savo problem\u0173 sprendimo b\u016bdus, bet ir su\u017einosite dar daug naudingos informacijos.<\/p>\n<h5>Pagyros<\/h5>\n<p>NIEKAM nesigirkite savo augintiniais.<\/p>\n","protected":false},"excerpt":{"rendered":"<p>Perlaistymas Vandens kiek\u012f galite pamatuoti pakeldami vazon\u0105 ir jausdami svor\u012f. Galite netgi naudoti svarstykles. Prie\u0161 pasodinant augal\u0105, supilkite substrat\u0105 \u012f vazon\u0105 ir j\u012f pasverkite. Po to palaistikyte ir v\u0117l pasverkite, kad jaustum\u0117te skirtum\u0105. Nelaistikyte augalo kas dien\u0105! Laistyti reikia tik tada kai vazonas sveria beveik tiek, kiek sv\u0117re nelaistytas. Pasodinus daig\u0105 \u012f vazon\u0105, laistyti reikia [&hellip;]<\/p>\n","protected":false},"author":2,"featured_media":0,"parent":0,"menu_order":0,"comment_status":"closed","ping_status":"closed","template":"","meta":{"footnotes":""},"class_list":["post-68","page","type-page","status-publish","hentry"],"_links":{"self":[{"href":"https:\/\/www.legalus.net\/kan\/wp-json\/wp\/v2\/pages\/68","targetHints":{"allow":["GET"]}}],"collection":[{"href":"https:\/\/www.legalus.net\/kan\/wp-json\/wp\/v2\/pages"}],"about":[{"href":"https:\/\/www.legalus.net\/kan\/wp-json\/wp\/v2\/types\/page"}],"author":[{"embeddable":true,"href":"https:\/\/www.legalus.net\/kan\/wp-json\/wp\/v2\/users\/2"}],"replies":[{"embeddable":true,"href":"https:\/\/www.legalus.net\/kan\/wp-json\/wp\/v2\/comments?post=68"}],"version-history":[{"count":5,"href":"https:\/\/www.legalus.net\/kan\/wp-json\/wp\/v2\/pages\/68\/revisions"}],"predecessor-version":[{"id":259,"href":"https:\/\/www.legalus.net\/kan\/wp-json\/wp\/v2\/pages\/68\/revisions\/259"}],"wp:attachment":[{"href":"https:\/\/www.legalus.net\/kan\/wp-json\/wp\/v2\/media?parent=68"}],"curies":[{"name":"wp","href":"https:\/\/api.w.org\/{rel}","templated":true}]}}