{"id":70,"date":"2013-06-05T02:32:20","date_gmt":"2013-06-05T00:32:20","guid":{"rendered":"http:\/\/www.legalus.net\/kan\/?page_id=70"},"modified":"2013-06-17T07:40:40","modified_gmt":"2013-06-17T05:40:40","slug":"auginimo-metodai","status":"publish","type":"page","link":"https:\/\/www.legalus.net\/kan\/auginimo-metodai","title":{"rendered":"Auginimo metodai"},"content":{"rendered":"<h5>LST (low stress training)<\/h5>\n<p>LST (low stress training) &#8211; lietuvi\u0161kai tiesiog lankstymas, arba formavimas. Tai b\u016bdas kuris leid\u017eia maksimaliai i\u0161naudoti grobox&#8217;o t\u016br\u012f. Nuo pat ma\u017e\u0173 augalo dien\u0173 jis pradedmas lankstyti, ri\u0161ti, tam tikra technologija, taip suformuojant jums pageidautin\u0105 form\u0105, tod\u0117l augalas tampa ne stiebinis, o ve\u0161lus kr\u016bmelis. Tuo pa\u010diu tai labai \u012fdomus u\u017esi\u0117mimas, kas dien\u0105 leid\u017eiantis prisiliesti prie mylimo augalo. \u017dinoma tai n\u0117ra labai lengva proced\u016bra. Auginan\u010diam pirm\u0105 ar antr\u0105 savo augal\u0117l\u012f tikrai nepatariu naudoti LST, nes galite nusivilti. Reikia \u017einoti tam tikras &#8220;taisykles&#8221;. \u0160iame straipsnyje pam\u0117ginsiu kuo pla\u010diau pateikti informacij\u0105 apie \u0161\u012f auginimo b\u016bd\u0105. <\/p>\n<p>Naudojami \u012frankiai:<\/p>\n<ul>\n<li>Vazonas<\/li>\n<li>Vielut\u0117s (geriausia apvilktos)<\/li>\n<li>Kantryb\u0117 \ud83d\ude42<\/li>\n<\/ul>\n<p>Na k\u0105 gi, einame prie reikalo. Vienas i\u0161 LST r\u016b\u0161i\u0173 &#8211; lankstymas ratu. Manau pa\u017eod\u017eiui ai\u0161kinti nereik\u0117s, ir u\u017eteks paveiksl\u0117lio kuris yra \u017eemiau, kad susidarytum\u0117te bendr\u0105 vaizd\u0105. A\u0161 tik paai\u0161kinsiu princip\u0105 ir kitus niuansus.<\/p>\n<p><img decoding=\"async\" class=\"foto\" src=\"img\/lst\/lst.jpg\" alt=\"low stress training\" height=\"350px\"><\/p>\n<p>Pirmas skai\u010dius nurodo \u017eingsni\u0173 eil\u0117s numer\u012f.<br \/>\nAntras skai\u010dius nurodo vazono skersmens dyd\u012f coliais (reikia dauginti i\u0161 2.54, kad paverstum\u0117te \u012f centimetrus).<br \/>\nTre\u010di\u0105 u\u017era\u0161\u0105 ir patys puikiai suprantate \ud83d\ude42<\/p>\n<ol id=\"list\">\n<li>I\u0161auginkite augal\u0105 i\u0161 s\u0117klos arba klono iki 3-ios arba 4-tos lap\u0173 pakopos (auk\u0161t\u0173). Kai kas augina iki 5, ta\u010diau po 4 auk\u0161to, kamienas tampa standesnis (kyla gr\u0117sm\u0117 sulau\u017eyti), o po tre\u010dio auk\u0161to kamienas dar n\u0117ra galutinai susiformav\u0119s, tod\u0117l dr\u0105siai gal\u0117site nulenkti augal\u0105 nepa\u017eeid\u017eiant pagrindinio stiebo.<\/li>\n<li>Naudojant metalinius kabliukus (pasigaminkite i\u0161 vielos) nusverkite augal\u0105 link \u017eem\u0117s (ma\u017edaug centimetr\u0105 nuo \u017eem\u0117s). Kabliukus galite smeigti tiesiai \u012f \u017eem\u0119. <\/li>\n<li>\u0160is \u017eingsnis n\u0117ra tikras \u017eingsnis, papras\u010diausiai laukite kol paaugs&#8230; Steb\u0117kite kaip augalo nulenkta vir\u0161\u016bn\u0117 pakils auk\u0161tyn, link \u0161viesos. Tai gali trukti nuo 3 valand\u0173 iki 1 dienos.<\/li>\n<li>Nieko neri\u0161ame ir nelankstome kol u\u017eaugs naujas lap\u0173 auk\u0161tas. J\u016bs pasteb\u0117site kaip greitai prad\u0117s augti nauji lapeliai. Taip nutinka tod\u0117l, kad \u0161viesa pasiekia visas svarbiausias augalo vietas &#8211; i\u0161si\u0161akojimus ant pagrindinio stiebo.<\/li>\n<li>Priklausomai juo j\u016bs\u0173 vazono, jau tur\u0117tum\u0117te augal\u0105 persodinti (jei vazonas nedidelis). Jei auginti i\u0161 kart prad\u0117jote dideliame vazone, tuomet kartokite 2 veiksm\u0105 lenkdami augal\u0105 kabliukais u\u017ekabintais u\u017e stiebo, kol pasieksite vazono kra\u0161t\u0105. \u0160ioje iliustracijoje taupant laik\u0105 ir viet\u0105, pradedama nedideliu stiklainiu, v\u0117liau persodinant \u012f didel\u012f vazon\u0105. \u0160is persodinimas \u012f 10 coli\u0173 (25 cm) skersmens vazon\u0105 yra paskutinis (\u0161io paveiksl\u0117lio atveju).<\/li>\n<li>Palenkiame augal\u0105 horizontaliai, link vidinio vazono kra\u0161to.<\/li>\n<li>Toliau kartokite 4 ir 6 \u017eingsnius. \u0160akos turi formuotis ir u\u017eaugti stiebdamosis \u012f \u0161vies\u0105.<\/li>\n<li>T\u0119skite 7 \u017eingsn\u012f tol, kol j\u016bs\u0173 augalas apsivynioja aplink vis\u0105 puodo kra\u0161t\u0105 ir savo stiebu sudaro vientis\u0105 vainik\u0105 aplink vazono kra\u0161t\u0105. Sulyginkite augal\u0105 horizontaliai. T.y. nukirpkite labiausiai \u012f vir\u0161\u0173 i\u0161siki\u0161usias \u0161akas. Taip pat, bekartojant 7-\u0105 veiksm\u0105 kabliukais suformuokite tas \u0161akeles kurios i\u0161augo i\u0161 pagrindinio stiebo \u012f vazono vid\u0173. Tai daryti reikia tol kol vazone yra laisvos vietos. I\u0161orines \u0161akeles, kurios aug\u0105 \u012f vazono i\u0161or\u0119, formuokite jas vielut\u0117mis ir virvut\u0117mis pritvirtin\u0119 jas prie pat vazono kra\u0161to.<\/li>\n<li>Po to, kai visas vazonas apaugs \u0161akel\u0117mis, leiskite laisvai vegetuoti. Per \u017eyd\u0117jim\u0105 ar dar prie\u0161 j\u012f, pasteb\u0117site kaip apatiniai lapai, palei \u017eem\u0119, prad\u0117s geltonuoti, d\u0117l \u0161viesos tr\u016bkumo. Juos reikia nukirpti. Galima juos nukirpti dar augal\u0105 formuojant, ta\u010diau tam reikia patirties. LST reikalingas geras vedinimas. Patartina ventiliatori\u0173 atsukti tiesiai \u012f kr\u016bm\u0105. At\u0117jus laikui \u012fjunkite 12\/12 \u0161viesos\/tamsos period\u0105 ir m\u0117gaukites nepakartojamu \u017eyd\u0117jimu.<\/li>\n<li>Dvi dienas prie\u0161 derliaus nu\u0117mim\u0105, palaikykite augal\u0105 visi\u0161koje tamsoje. Neleiskite augalui gauti jokios \u0161viesos. Tai darydami, moteri\u0161kos gimin\u0117s augalai mano, jog ateina \u017eiema ir prie\u0161 mirt\u012f pradeda gaminti didesn\u012f kiek\u012f THC. <\/li>\n<li>Derliaus nu\u0117mimas! Gero skonio! \ud83d\ude42<\/li>\n<\/ol>\n<h5>SOG (sea of green)<\/h5>\n<p><center><img decoding=\"async\" class=\"both\" src=\"img\/sog\/1.jpg\" alt=\"Sea Of Green\" width=\"250px\"><\/center><\/p>\n<h3>SOG &#8211; Sea Of Green &#8211; &#8220;\u017dalia j\u016bra&#8221;<\/h3>\n<p>Tai metodas, kada auginama daugyb\u0119 ma\u017e\u0173 augal\u0173, anksti brandinami, ir gaunamas greitas derlius. U\u017euot ilgai augin\u0119 kelis didelius augalus, toje pa\u010dioje vietoje galima subrandinti daug ma\u017e\u0173 augal\u0173 \u017eymiai grei\u010diau. \u0160itaip praeina ma\u017eiau laiko tarp derli\u0173 nu\u0117mimo, tod\u0117l elektros s\u0105naudos stipriai suma\u017e\u0117ja. Taip pat kuomet vienas derlius yra nuimamas, kitas gali b\u016bti prad\u0117tas auginti, ir \u012fmanoma palaikyti derliaus gavim\u0105 i\u0161tisus metus. Keturi augalai &#8211; puiki prad\u017eia 30 kvadratini\u0173 cm (1 p\u0117da) plotui. Vienas augalas tokiame plote u\u017eaugs didelis ir tur\u0117s stamb\u0173 vir\u0161utin\u012f \u017eied\u0105, ta\u010diau neleis pagrindiniam stiebui stipriai i\u0161si\u0161akoti.<\/p>\n<p><center><img decoding=\"async\" class=\"both\" src=\"img\/sog\/2.bmp\" alt=\"Sea Of Green\" width=\"250px\"><\/center><\/p>\n<p>Daug kanapi\u0173 augal\u0173 sukuria tai, kas vadinama &#8220;green canopy&#8221; (\u017ealia u\u017edanga) ir gauna maksimaliai \u0161viesos. Ma\u017eai \u0161viesos patenka \u017eemiau \u017eied\u0173, kadangi kanap\u0117s b\u016bna taip arti viena kitos, kad tik nedideli tarpeliai lieka tarp lap\u0173 ir \u017eied\u0173. Augintojai tur\u0117t\u0173 susikoncentruoti \u012f augalo vir\u0161\u016bnes, kad maksimaliai b\u016bt\u0173 i\u0161naudota erdv\u0117, \u0161viesa ir laikas. Tinklas ar pana\u0161us darinys t\u016br\u0117t\u0173 b\u016bti naudojamas kad i\u0161laikyt\u0173 augal\u0173 vir\u0161\u016bnes, kadangi stiebai da\u017enai neb\u016bna tokie dvirti, kad i\u0161laikyt\u0173 tok\u012f didel\u012f \u017eiedyn\u0105. Taip pat galima naudoti ir pagaliukus, smeigiant \u012f \u017eem\u0119, ta\u010diau juos ne taip paprasta kontroliuoti, jei j\u016bs\u0173 SOG yra didelis.<\/p>\n<p><center><img decoding=\"async\" class=\"both\" src=\"img\/sog\/3.jpg\" alt=\"Sea Of Green\" width=\"250px\"><\/center><\/p>\n<p>Dideli augalai turi didesn\u012f derli\u0173 vienam augalui, ta\u010diau daug ma\u017e\u0173 augal\u0173 \u017eymiai geriau i\u0161naudoja auginimo plot\u0105, tod\u0117l derlius yra didesnis. SOG prad\u0117ta naudoti Olandijoje. Vietoj 4 dideli\u0173 augal\u0173 ma\u017eame kambaryje, prad\u0117ta auginti 12 ma\u017e\u0173 augal\u0173 ant lentynos, po kuria dar viena lentyna, taip pat su 12 ma\u017e\u0173 augal\u0173. \u0160itaip augalai subr\u0119sta per 3-4 m\u0117nesius. Jei j\u0173 auginimo periodus atskirtume, derli\u0173 gautume kas 45-60 dien\u0173, kadangi kuomet nuo vien\u0173 augal\u0173 derlius b\u016bt\u0173 nuimamas, kiti augalai jau prad\u0117t\u0173 \u017eyd\u0117ti. Daug ma\u017e\u0173 augal\u0173 du kartus grei\u010diau u\u017epildys auginimo patalp\u0105 negu keli dideli augalai, tod\u0117l derlius imamas beveik du kartus da\u017eniau.<\/p>\n<p><center><img decoding=\"async\" class=\"both\" src=\"img\/sog\/4.jpg\" alt=\"Sea Of Green\" width=\"350px\"><\/center><\/p>\n<h5>Karpymas<\/h5>\n<h3>Topping ir Fimming<\/h3>\n<p>Kadangi tiksli\u0173 \u0161i\u0173 \u017eod\u017ei\u0173 atitikmen\u0173 lietuvi\u0173 kalboje neradau, naudosiu angli\u0161kus.<br \/>\nTopping ir Fimming yra pagrindiniai karpybo b\u016bdai. Toliau tekstuose rasite i\u0161samius paai\u0161kinimus kaip \u0161ias technologijas naudoti ir kam jos skirtos.<br \/>\nTopping metodik\u0105 b\u016btina naudoti, jei auginate Sativa r\u016b\u0161\u012f nedidel\u0117je palpoje \/ spintoje \/ de\u017e\u0117je.<\/p>\n<p>Karpymas n\u0117ra galvos skausmas, nors daugelis i\u0161 pirmo \u017evilgsnio mano jog tai sud\u0117tinga. Tiesiog sekite instrukcijas ir netrukus tapsite tikru profesionalu \u0161ioje srityje. Jei nusprend\u0117te auginti bet koki\u0105 Satyvos r\u016b\u0161\u012f, b\u016btinai nuspr\u0119skite i\u0161 anksto koki\u0105 technik\u0105 naudosite, kad apribotum\u0117te jo auk\u0161t\u012f.<\/p>\n<h3>Topping<\/h3>\n<p>Tiksliausiai apib\u016bdinantis terminas \u0161iai technikai lietuvi\u0161kai vadintusi &#8211; Vir\u0161\u016bni\u0173 gen\u0117jimas.<\/p>\n<ol>\n<li>Savo augalo vir\u0161uje raskite viet\u0105 kuri yra \u0161iek tiek \u017eemiau naujausiai i\u0161augusio auk\u0161to. Skustuv\u0117lio a\u0161menis pamirkykite spirite ir vienu, tiesiu kir\u010diu nupjaukite augaliuko stieb\u0105 horizontaliai. Taip tur\u0117tum\u0117te daryti ne ank\u0161\u010diau nei u\u017eauga 3 ar 4 lap\u0173 auk\u0161tai (pakopos).<\/li>\n<li>\u0160alia parodytos nupjautos vietojs tur\u0117t\u0173 i\u0161augti dvi naujos \u0161akel\u0117s sudarydamas &#8220;Y&#8221; form\u0105.<\/li>\n<li>Po dviej\u0173 dien\u0173 jau turi matytis dvi naujos vir\u0161\u016bn\u0117s.<\/li>\n<\/ol>\n<p>\n<img decoding=\"async\" src=\"img\/karpymas\/t1.jpg\" class=\"both\" alt=\"Karpymas\" width=\"480\"><\/p>\n<h3>Fimming<\/h3>\n<p>Fimming prakti\u0161kai nesiskiria nuo Topping, i\u0161skyrus vienu dalyku &#8211; pjaunama \u0161iek tiek auk\u0161\u010diau.<br \/>\nApkarpant \u0161iuo b\u016bdu gaunamos ne 2, o 4 vir\u0161\u016bn\u0117s.<\/p>\n<p>1. Raskite naujausiai i\u0161augusi\u0105 vir\u0161\u016bn\u0119.<br \/>\n<br \/><img decoding=\"async\" src=\"img\/karpymas\/1.jpg\" class=\"both\" alt=\"Karpymas\"><\/p>\n<p>2. \u0160variomis sterelizuotomis \u017eirkl\u0117mis nukirpkite ma\u017edaug 80% naujos ataugos.<br \/>\n<br \/><img decoding=\"async\" src=\"img\/karpymas\/2.jpg\" class=\"both\" alt=\"Karpymas\"><\/p>\n<p>3. \u017di\u016brint i\u0161 vir\u0161aus \u012f nukirpt\u0105 vir\u0161\u016bn\u0119.<br \/>\n<br \/><img decoding=\"async\" src=\"img\/karpymas\/3.jpg\" class=\"both\" alt=\"Karpymas\"><\/p>\n<p>4. \u017di\u016brint \u012f nukirpt\u0105 vir\u0161un\u0119 po dviej\u0173 dien\u0173.<br \/>\n<br \/><img decoding=\"async\" src=\"img\/karpymas\/3.jpg\" class=\"both\" alt=\"Karpymas\"><\/p>\n<p>\u0160tai ir viskas!<\/p>\n<h5>Klonavimas<\/h5>\n<p>Jei turite kokybi\u0161k\u0173 s\u0117kl\u0173, \u017einoma kitas \u017eingsnis t\u016br\u0117t\u0173 b\u016bti kokybi\u0161ki augalai. Siekiant suma\u017einti i\u0161laidas ir laik\u0105 si\u016blau naudoti moteri\u0161k\u0173 augal\u0173 klonavim\u0105<\/p>\n<p>Jei \u012fsitikinote, kad j\u016bs\u0173 augalas yra moteri\u0161kos lyties ir norite t\u0119sti auginim\u0105, galite prad\u0117ti klonuoti be joki\u0173 nuostoli\u0173, kadangi \u0161ie palykuonys turi visas &#8220;motinos&#8221; originalias savybes.<\/p>\n<p>J\u016bs\u0173 klonas garantuotai bus moteri\u0161kos lyties. \u0160itaip sunaudojama daug ma\u017eiau i\u0161tekli\u0173: \u017eemi\u0173, tr\u0105\u0161\u0173, energijos, laiko, s\u0117kl\u0173. \u0160iuo b\u016bdu paprastai galima i\u0161gauti derli\u0173 i\u0161tisus metus. Pasteb\u0117site, kad klonuodamas augalus sutaupote daug pinig\u0173. J\u016bs galite savo augalus klonuoti daug daug kart\u0173 atskirdamas \u0161akeles nuo pagrindinio stiebo.<\/p>\n<p>Kanapi\u0173 klonavimas netur\u0117t\u0173 b\u016bti painiojama su veislinimu (breeding), tai du skirtingi dalykai. Klonuojama tam, kad i\u0161augintume toki\u0173 pa\u010di\u0173 gen\u0173 augal\u0173 kart\u0105.<\/p>\n<p>Kanap\u0117s yra tvirtas ir lankstus augalas. Jis gali b\u016bti sugr\u0105\u017eintas v\u0117l \u012f vegetatyvin\u0119 stadij\u0105, nors jis prad\u0117jo \u017eyd\u0117jimo etap\u0105 ir parodo savo moteri\u0161k\u0105 lyt\u012f. <\/p>\n<p>Kaip matote i\u0161 \u0161ios nuotraukos &#8211; augalas yra moteri\u0161kos lyties:<br \/>\n<img decoding=\"async\" class=\"both\" src=\"img\/klonavimas\/moteris.jpg\" alt=\"Klonavimas\"><\/p>\n<h3>Tinkamas paruo\u0161imas<\/h3>\n<p>Kai ruo\u0161iates klonuoti savo augalus, svarbiausia, kad viskas b\u016bt\u0173 \u0161varu. Jei nenaudojate chirurgini\u0173 pir\u0161tini\u0173 &#8211; nusiplaukite rankas, o \u012frankius dezinfekuokite spirituotame skystije.<br \/>\n<img decoding=\"async\" class=\"both\" src=\"img\/klonavimas\/klonavimo_irankiai.jpg\" alt=\"Klonavimo \u012frankiai\"><br \/>\nAtminkite, kad tam tikra prasme mes ir ruo\u0161iames chirurgijai, tiesiog viskas vyksta su mylimu augalu.<\/p>\n<p>\u012erankiai: Hormonai \u0161aknims (\u0161aknijimosi gelis), spirituotas skystis, a\u0161trus pjautuv\u0117lis (&#8220;britvut\u0117&#8221;, pn\u0161..), chirurgin\u0117s pir\u0161tin\u0117s ir puodeliai klonams.<\/p>\n<p>Kiekvien\u0105 kart\u0105 prie\u0161 pradedant klonuoti, pa\u0161alinkite \u0161iek tiek \u0161aknijimosi gelio nuo pavir\u0161aus peiliu ar skustuv\u0117liu. Tai apsaugos gel\u012f nuo u\u017eter\u0161tumo, kuris gali b\u016bti ant jo pavir\u0161iaus.<\/p>\n<p>Mes jau pasirinkome moteri\u0161k\u0105 augal\u0105 ir paruo\u0161\u0117me j\u012f klonavimui. \u0160iame pavizdyje mes rodome kaip paruo\u0161ti vien\u0105 klon\u0105, ta\u010diau paprastai daroma daug klonu vienu metu.<\/p>\n<p><img decoding=\"async\" class=\"both\" src=\"img\/klonavimas\/klonavimo_gelis.jpg\" alt=\"\u012esi\u0161aknijimo gelis\"><br \/>\n\u012esi\u0161aknijimo gelis yra gana brangus, ta\u010diau nei\u0161sig\u0105skite ir negail\u0117kite, nes jo u\u017etenka beproti\u0161kai ilg\u0105 laik\u0105.<\/p>\n<p>Dirbkite kruop\u0161\u010diai, ir neu\u017eter\u0161kite viso savo gelio (neimeskite \u017eemi\u0173, ne\u012fpilkite vandens ir t.t..). Paimkite nedidel\u012f kiek\u012f gelio peiliu, u\u017edarykite indel\u012f ir patraukite \u012f \u0161al\u012f.<\/p>\n<p><b>Ned\u0117kite panaudoto ar likusio gelio atgal \u012f indel\u012f. Nadokite kiek galima tikslesnius kiekius, kad nereik\u0117t\u0173 i\u0161mesti nepanaudoto gelio.<\/b><\/p>\n<p>Dabar imame skustuvo peiliuk\u0105 ir vienu pj\u016bviu nupjauname \u0161akel\u0119 kuri\u0105 pasirenkame. Pjauti reikia istri\u017eu kampu (negalima pjauti tiesiai). \u0160iame pavizdyje pjauname \u0161akel\u0119 esan\u010di\u0105 3-4 lap\u0173 auk\u0161te skai\u010diuojant nuo vir\u0161aus.<br \/>\n<img decoding=\"async\" class=\"both\" src=\"img\/klonavimas\/klono_kirpimas.jpg\" alt=\"Klono kirpimas\"><br \/>\nB\u016bkite atid\u016bs ir \u0161veln\u016bs klonams. Venkite liesti lapus, o ypa\u010d nupjautos gal\u016bn\u0117s. Nelaikykite ilgai ore, kadangi deguonis kuris patenka pro nupjaut\u0105 gal\u016bn\u0119 gali jiems pakenkti.<br \/>\n<img decoding=\"async\" class=\"both\" src=\"img\/klonavimas\/klono_kirpimas2.jpg\" alt=\"Klono kirpimas\"><img decoding=\"async\" class=\"both\" src=\"img\/klonavimas\/klono_kirpimas3.jpg\" alt=\"Klono kirpimas\"><br \/>\nDabar esame pasiruo\u0161e persodinti klonus. Nepamir\u0161kite \u012frankius laikyti \u0161varioje vietoje.<br \/>\n<img decoding=\"async\" class=\"both\" src=\"img\/klonavimas\/klonavimas.jpg\" alt=\"Klonavimas\"><img decoding=\"async\" class=\"both\" src=\"img\/klonavimas\/klonavimas2.jpg\" alt=\"Klonavimas\"><br \/>\nPrad\u017eioje reikt\u0173 sutvarkyti klon\u0105. Apkarpykite didesnius lapus kurie yra arti nupjautos vietos (paveiksl\u0117liai auk\u0161\u010diau).<br \/>\nImkite \u012fsi\u0161aknijimo gel\u012f ir gausiai u\u017etepkite nuo nupjauto galo iki nupjaut\u0173 lap\u0173 (paveiksl\u0117lis \u017eemiau).<br \/>\n<img decoding=\"async\" class=\"both\" src=\"img\/klonavimas\/klonavimas3.jpg\" alt=\"Klonavimas\"><br \/>\nNebijokite gausiai u\u017etepti gelio, kadangi jis apsaugo augal\u0105 ir i\u0161 karto suteikia tai ko reikia, kad prad\u0117t\u0173 augti \u0161aknys.<\/p>\n<p>Nepamir\u0161kite b\u016bti \u0161veln\u016bs su klonais, kadangi jie yra jautr\u016bs ir pa\u017eeid\u017eiami \u0161iuo momentu.<\/p>\n<p>\u0160is Northern Lights\/Haze kanap\u0117s klonas pasiruo\u0161es kelias dienas pab\u016bti &#8220;\u017eem\u0117s ir dregm\u0117s kupole&#8221; (vazon\u0117lyje ar puodelyje sukuriamas \u0161iltnamis). <\/p>\n<p>Kai klon\u0105 sodinate \u012f \u017eem\u0119 (mes panaudojome pir\u0161t\u0105 &#8211; &#8220;ma\u017eyl\u012f&#8221;, kad padarytume skylutes i\u0161 anksto) lengvai j\u012f apiberkite \u017eem\u0117mis tuo pa\u010diu metu bandant j\u012f i\u0161laikyti tiesiai. Nesuspauskite \u017eemi\u0173 per stipriai! <br \/>\n<img decoding=\"async\" class=\"both\" src=\"img\/klonavimas\/klonavimas4.jpg\" alt=\"Klonavimas\"><img decoding=\"async\" class=\"both\" src=\"img\/klonavimas\/klonavimas5.jpg\" alt=\"Klonavimas\"><\/p>\n<p>Kuomet klonas jau pasodintas \u012f \u017eem\u0119, gausiai j\u012f palaistome. Kai \u017eem\u0117s tampa \u0161lapios,  ant vazono, ar puodelio kuriame auga augalas, u\u017ed\u0117kite permatom\u0105 kupol\u0105 (nupjaut\u0105 plasmasin\u012f limonado butel\u012f, stiklain\u012f ar pn\u0161.) kelioms dienoms. Klonams geriausia suteikti 20 val. \u0161viesos cikl\u0105.<\/p>\n<p>Jei klonuojate moter\u012f kuri jau buvo \u017eyd\u0117jimo stadijoje, gali u\u017etrukti kelios savait\u0117s, kol augalas visi\u0161kai atsistatys \u012f vegetavimo stadij\u0105. Klonuojant moteri\u0161k\u0105 augal\u0105 (u\u017eaugint\u0105 i\u0161 s\u0117klos), u\u017eteks tik por\u0105 savai\u010di\u0173, kad klonai b\u016bt\u0173 pasiruo\u0161\u0119 \u017eyd\u0117jimui.<\/p>\n<p><b>Be \u012fprasto laistymo nepamir\u0161kite pur\u0161kiti klon\u0173 lapus purk\u0161tuku kelet\u0105 dien\u0173. Kol leid\u017eia \u0161aknis klonai m\u0117gsta dr\u0117gm\u0119 <\/b><\/p>\n<p><b>Patariu investuoti \u012f Moteri\u0161k\u0173 Kanapi\u0173 S\u0117klas (female cannabis seeds). Nors \u0161ios s\u0117klos ir brangesn\u0117s, ta\u010diau u\u017etikrina, jog augalas bus moteri\u0161kos lyties. Taip galime klonuoti jaun\u0105 augal\u0105 dar jo vegetavimo stadijoje, tod\u0117l sutaupysite laiko, kur\u012f sugai\u0161tate, kol laukiata kada augalas parodis lyt\u012f.<\/b><\/p>\n<p><center><img decoding=\"async\" class=\"both\" src=\"img\/klonavimas\/klonavimas6.jpg\" alt=\"Klonavimas\"><\/center><\/p>\n<h5>ScrOG (Screen of green)<\/h5>\n<p><center><img decoding=\"async\" src=\"img\/scrog\/scrog2.jpg\" alt=\"Atvirk\u0161tin\u0117 kvadrato taisykl\u0117\"><\/center><\/p>\n<p>ScrOG (Screen Of Green) &#8211; \u017dalias Tinklas &#8211; tai metodas maksimilizuoti i\u0161auginam\u0105 derliaus kiek\u012f. <b>Nesumai\u0161ykite su SOG<\/b> &#8211; tai du skirtingi metodai. ScrOG skiriasi tuo, kad jis maksimaliai i\u0161naudoja auginimo plot\u0105 auginant kuo ma\u017eiau augal\u0173 (SOG atv\u0117ju auginama daug ma\u017e\u0173 augal\u0173). Medicinin\u0117s kanap\u0117s augintojai naudodamiesi \u0161iuo b\u016bdu, i\u0161augin\u0105 maksimal\u0173 kiek\u012f derliaus i\u0161 kiekvieno augalo (jei jiems yra ribotas skai\u010dius leistino auginimo).<\/p>\n<p>Tinklas pakabinamas horizontaliai vir\u0161 augal\u0173, o augalo vir\u0161\u016bn\u0117s praki\u0161amos vir\u0161 jo, kas visos vir\u0161\u016bn\u0117s b\u016bt\u0173 viename lygyje. Tai leid\u017eia pasiskirstyti \u0161viesai, kad visi pumpurai gaut\u0173 vienod\u0105 kiek\u012f \u0161viesos. Visos vir\u0161\u016bn\u0117s bus ma\u017edaug vienodai nutol\u0119 nuo \u0161viesos \u0161altinio, tod\u0117l gaus vienod\u0105 kiek\u012f \u0161viesos ir augs vienodai.<\/p>\n<p>\u0160viesos suma\u017e\u0117jimas: Atvirk\u0161tin\u0117 kvadrato taisykl\u0117 teigia, kad jeigu \u0161viesos atstumas dvigub\u0117ja, tuomet \u0161viesos intensyvumas did\u0117ja 4 kartus: <\/p>\n<p><img decoding=\"async\" src=\"img\/scrog\/sviesa.jpg\" alt=\"Atvirk\u0161tin\u0117 kvadrato taisykl\u0117\"><\/p>\n<p><img decoding=\"async\" src=\"img\/scrog\/sviesa2.png\" alt=\"Atvirk\u0161tin\u0117 kvadrato taisykl\u0117\"><\/p>\n<p>Kanapi\u0173 augintojai tai supranta ir nori gauti maksimal\u0173 \u0161viesos i\u0161naudojim\u0105. \u012eprastai auginant augal\u0105, \u017eemesn\u0117s \u0161akos gauna \u017eymiai ma\u017eiau \u0161viesos, nei gauna vir\u0161uje esan\u010dios \u0161akos. ScrOG suma\u017eina \u0161i\u0105 prblem\u0105, nes visos augalo vir\u0161\u016bn\u0117s yra horizontalioje pad\u0117tyje, viename auk\u0161tyje, tod\u0117l visos \u0161akel\u0117s gauna maksimal\u0173 kiek\u012f \u0161viesos.<\/p>\n<p>Vegetatyvin\u0117 stadija: Augalai vegetavimo stadijoje turi b\u016bti tol, kol 70 &#8211; 80 % tinklo bus u\u017epildyti \u0161akel\u0117mis. Kai \u0161akel\u0117s i\u0161siki\u0161a 7-10 cm vir\u0161 tinklo, ji perki\u0161ama atgal u\u017ekabinant u\u017e tinklo, taip paruo\u0161iamas augalas \u017eyd\u0117jimui. Priklausomai nuo augal\u0173 skai\u010diaus, tinklui u\u017epildyti, gali prireikti ilgesnio vegetacinio periodo nei \u012fprastai.<\/p>\n<p>Laiko paskirstymas: Pasirinkti laik\u0105 kada prad\u0117ti \u017eyd\u0117jim\u0105 &#8211; pagrindinis ScrOG metodo aspektas, nuo kurio priklausys j\u016bs\u0173 auginimo produktyvumas. Jei tinklas nebus pilnas nuimant derli\u0173 &#8211; vadinasi j\u016bs auginimo ploto nei\u0161naudojote tinkamai \/ maksimaliai. Ta\u010diau jei tinklas bus per daug pripildytas, tuomet \u017eiedai bus per daug suspausti, kad vystyt\u0173si tinkamai.<\/p>\n<p>Jei auginate pirm\u0105 kart\u0105, nepatariama naudoti \u0161io metodo. Prie\u0161 tai geriau b\u016bt\u0173 u\u017eauginti \u012fprastu b\u016bdu, kad suvoktum\u0117te kaip augalas auga, tik po to gal\u0117site tinkamai i\u0161naudoti ScrOG metod\u0105.<\/p>\n<h5>Regeneracija<\/h5>\n<p>Yra \u012fmanoma nuimti nuo augalo derli\u0173, o paskui atsatyti j\u012f \u012f vegetavimo stadij\u0105, kad nuimtum\u0117te du ar net tris derlius nuo vieno augalo! Antras derlius gali b\u016bti nuimtas po 6-8 savai\u010di\u0173. Kadangi augalo stiebas ir \u0161aknys jau susiformav\u0119, augalas gali duoti antr\u0105 ar tre\u010di\u0105 derli\u0173 per pus grei\u010diau nei pirmasis. Kai derlius nuimamas, reikia nukirpti tre\u010ddal\u012f augalo nuo vir\u0161aus. Palikite sveikiausius v\u0117duoklinius lapus augalo vyduryje. Atsargiai nupjaukite pumpurus. Ant \u017eemesn\u0117s augalo dalies nuimkite pilnai subrendusius \u017eiedus, ta\u010diau ant kiekvienos \u0161akel\u0117s palikite po ma\u017e\u0105 pumpur\u0117l\u012f. Tai bus prad\u017eia augalui kuris bus atstatomas. Kuo daugiau pumpur\u0173 paliksite ant augalo, tuo grei\u010diau jis atsistatys. Pamaitinkite augal\u0105 tr\u0105\u0161omis su dideliu azoto kiekiu i\u0161 kart po derliaus nuemimo, bei gausiai paliekite. Kai ketinate regeneruoti augal\u0105, \u012fsitikinkite, kad jam netr\u016bksta azoto.<\/p>\n<p>Kai derlius nuimamas, augalus reikia laikyti po nuolatine \u0161viesa. U\u017etruks 7-14 dien\u0173, kol augalai visi\u0161kai atsistatys ir pasimatys regeneracijos \u017eenklai. Skirtingai nuo normalaus vystimosi, pirmos naujos ataugos pasimatys ties \u017eemesniais lapais. Leiskite trumpai pavegetuoti, o tuomet v\u0117l nustatykite \u017eyd\u0117jimo stadija. Dabar derli\u0173 gal\u0117site nuimti du kart grei\u010diau nei \u012fprastai.<\/p>\n","protected":false},"excerpt":{"rendered":"<p>LST (low stress training) LST (low stress training) &#8211; lietuvi\u0161kai tiesiog lankstymas, arba formavimas. Tai b\u016bdas kuris leid\u017eia maksimaliai i\u0161naudoti grobox&#8217;o t\u016br\u012f. Nuo pat ma\u017e\u0173 augalo dien\u0173 jis pradedmas lankstyti, ri\u0161ti, tam tikra technologija, taip suformuojant jums pageidautin\u0105 form\u0105, tod\u0117l augalas tampa ne stiebinis, o ve\u0161lus kr\u016bmelis. Tuo pa\u010diu tai labai \u012fdomus u\u017esi\u0117mimas, kas dien\u0105 [&hellip;]<\/p>\n","protected":false},"author":2,"featured_media":0,"parent":0,"menu_order":0,"comment_status":"open","ping_status":"open","template":"","meta":{"footnotes":""},"class_list":["post-70","page","type-page","status-publish","hentry"],"_links":{"self":[{"href":"https:\/\/www.legalus.net\/kan\/wp-json\/wp\/v2\/pages\/70","targetHints":{"allow":["GET"]}}],"collection":[{"href":"https:\/\/www.legalus.net\/kan\/wp-json\/wp\/v2\/pages"}],"about":[{"href":"https:\/\/www.legalus.net\/kan\/wp-json\/wp\/v2\/types\/page"}],"author":[{"embeddable":true,"href":"https:\/\/www.legalus.net\/kan\/wp-json\/wp\/v2\/users\/2"}],"replies":[{"embeddable":true,"href":"https:\/\/www.legalus.net\/kan\/wp-json\/wp\/v2\/comments?post=70"}],"version-history":[{"count":6,"href":"https:\/\/www.legalus.net\/kan\/wp-json\/wp\/v2\/pages\/70\/revisions"}],"predecessor-version":[{"id":245,"href":"https:\/\/www.legalus.net\/kan\/wp-json\/wp\/v2\/pages\/70\/revisions\/245"}],"wp:attachment":[{"href":"https:\/\/www.legalus.net\/kan\/wp-json\/wp\/v2\/media?parent=70"}],"curies":[{"name":"wp","href":"https:\/\/api.w.org\/{rel}","templated":true}]}}